{"id":6991,"date":"2024-01-29T10:12:20","date_gmt":"2024-01-29T10:12:20","guid":{"rendered":"https:\/\/www.ivh44.si\/Ponudbe\/avtodomi\/domov-copy\/"},"modified":"2024-03-19T10:16:06","modified_gmt":"2024-03-19T10:16:06","slug":"o-nas","status":"publish","type":"page","link":"https:\/\/www.rentavan.si\/de\/o-nas\/","title":{"rendered":"\u00dcber uns"},"content":{"rendered":"<div data-elementor-type=\"wp-page\" data-elementor-id=\"6991\" class=\"elementor elementor-6991\">\n\t\t\t\t\t\t\t\t\t<section class=\"elementor-section elementor-top-section elementor-element elementor-element-2f518848 elementor-section-height-min-height ct-section-stretched elementor-section-boxed elementor-section-height-default elementor-section-items-middle\" data-id=\"2f518848\" data-element_type=\"section\" data-settings=\"{&quot;jet_parallax_layout_list&quot;:[]}\">\n\t\t\t\t\t\t<div class=\"elementor-container elementor-column-gap-default\">\n\t\t\t\t\t<div class=\"elementor-column elementor-col-100 elementor-top-column elementor-element elementor-element-2787d111\" data-id=\"2787d111\" data-element_type=\"column\">\n\t\t\t<div class=\"elementor-widget-wrap elementor-element-populated\">\n\t\t\t\t\t\t\t\t<div class=\"elementor-element elementor-element-d342122 elementor-widget elementor-widget-heading\" data-id=\"d342122\" data-element_type=\"widget\" data-widget_type=\"heading.default\">\n\t\t\t\t<div class=\"elementor-widget-container\">\n\t\t\t<style>\/*! elementor - v3.12.1 - 02-04-2023 *\/\n.elementor-heading-title{padding:0;margin:0;line-height:1}.elementor-widget-heading .elementor-heading-title[class*=elementor-size-]>a{color:inherit;font-size:inherit;line-height:inherit}.elementor-widget-heading .elementor-heading-title.elementor-size-small{font-size:15px}.elementor-widget-heading .elementor-heading-title.elementor-size-medium{font-size:19px}.elementor-widget-heading .elementor-heading-title.elementor-size-large{font-size:29px}.elementor-widget-heading .elementor-heading-title.elementor-size-xl{font-size:39px}.elementor-widget-heading .elementor-heading-title.elementor-size-xxl{font-size:59px}<\/style><h2 class=\"elementor-heading-title elementor-size-default\">Willkommen auf der RENTAVAN-Website, wo wir gemeinsam auf eine unvergessliche Reise gehen! <\/h2>\t\t<\/div>\n\t\t\t\t<\/div>\n\t\t\t\t<div class=\"elementor-element elementor-element-3f93f054 elementor-widget-divider--view-line elementor-widget elementor-widget-divider\" data-id=\"3f93f054\" data-element_type=\"widget\" data-widget_type=\"divider.default\">\n\t\t\t\t<div class=\"elementor-widget-container\">\n\t\t\t<style>\/*! elementor - v3.12.1 - 02-04-2023 *\/\n.elementor-widget-divider{--divider-border-style:none;--divider-border-width:1px;--divider-color:#0c0d0e;--divider-icon-size:20px;--divider-element-spacing:10px;--divider-pattern-height:24px;--divider-pattern-size:20px;--divider-pattern-url:none;--divider-pattern-repeat:repeat-x}.elementor-widget-divider .elementor-divider{display:flex}.elementor-widget-divider .elementor-divider__text{font-size:15px;line-height:1;max-width:95%}.elementor-widget-divider .elementor-divider__element{margin:0 var(--divider-element-spacing);flex-shrink:0}.elementor-widget-divider .elementor-icon{font-size:var(--divider-icon-size)}.elementor-widget-divider .elementor-divider-separator{display:flex;margin:0;direction:ltr}.elementor-widget-divider--view-line_icon .elementor-divider-separator,.elementor-widget-divider--view-line_text .elementor-divider-separator{align-items:center}.elementor-widget-divider--view-line_icon .elementor-divider-separator:after,.elementor-widget-divider--view-line_icon .elementor-divider-separator:before,.elementor-widget-divider--view-line_text .elementor-divider-separator:after,.elementor-widget-divider--view-line_text .elementor-divider-separator:before{display:block;content:\"\";border-bottom:0;flex-grow:1;border-top:var(--divider-border-width) var(--divider-border-style) var(--divider-color)}.elementor-widget-divider--element-align-left .elementor-divider .elementor-divider-separator>.elementor-divider__svg:first-of-type{flex-grow:0;flex-shrink:100}.elementor-widget-divider--element-align-left .elementor-divider-separator:before{content:none}.elementor-widget-divider--element-align-left .elementor-divider__element{margin-left:0}.elementor-widget-divider--element-align-right .elementor-divider .elementor-divider-separator>.elementor-divider__svg:last-of-type{flex-grow:0;flex-shrink:100}.elementor-widget-divider--element-align-right .elementor-divider-separator:after{content:none}.elementor-widget-divider--element-align-right .elementor-divider__element{margin-right:0}.elementor-widget-divider:not(.elementor-widget-divider--view-line_text):not(.elementor-widget-divider--view-line_icon) .elementor-divider-separator{border-top:var(--divider-border-width) var(--divider-border-style) var(--divider-color)}.elementor-widget-divider--separator-type-pattern{--divider-border-style:none}.elementor-widget-divider--separator-type-pattern.elementor-widget-divider--view-line .elementor-divider-separator,.elementor-widget-divider--separator-type-pattern:not(.elementor-widget-divider--view-line) .elementor-divider-separator:after,.elementor-widget-divider--separator-type-pattern:not(.elementor-widget-divider--view-line) .elementor-divider-separator:before,.elementor-widget-divider--separator-type-pattern:not([class*=elementor-widget-divider--view]) .elementor-divider-separator{width:100%;min-height:var(--divider-pattern-height);-webkit-mask-size:var(--divider-pattern-size) 100%;mask-size:var(--divider-pattern-size) 100%;-webkit-mask-repeat:var(--divider-pattern-repeat);mask-repeat:var(--divider-pattern-repeat);background-color:var(--divider-color);-webkit-mask-image:var(--divider-pattern-url);mask-image:var(--divider-pattern-url)}.elementor-widget-divider--no-spacing{--divider-pattern-size:auto}.elementor-widget-divider--bg-round{--divider-pattern-repeat:round}.rtl .elementor-widget-divider .elementor-divider__text{direction:rtl}.e-con-inner>.elementor-widget-divider,.e-con>.elementor-widget-divider{width:var(--container-widget-width,100%);--flex-grow:var(--container-widget-flex-grow)}<\/style>\t\t<div class=\"elementor-divider\">\n\t\t\t<span class=\"elementor-divider-separator\">\n\t\t\t\t\t\t<\/span>\n\t\t<\/div>\n\t\t\t\t<\/div>\n\t\t\t\t<\/div>\n\t\t\t\t<section class=\"elementor-section elementor-inner-section elementor-element elementor-element-18219506 elementor-section-boxed elementor-section-height-default elementor-section-height-default\" data-id=\"18219506\" data-element_type=\"section\" data-settings=\"{&quot;jet_parallax_layout_list&quot;:[]}\">\n\t\t\t\t\t\t<div class=\"elementor-container elementor-column-gap-no\">\n\t\t\t\t\t<div class=\"elementor-column elementor-col-50 elementor-inner-column elementor-element elementor-element-9f40dcf\" data-id=\"9f40dcf\" data-element_type=\"column\">\n\t\t\t<div class=\"elementor-widget-wrap elementor-element-populated\">\n\t\t\t\t\t\t\t\t<div class=\"elementor-element elementor-element-5eb06205 elementor-widget elementor-widget-text-editor\" data-id=\"5eb06205\" data-element_type=\"widget\" data-widget_type=\"text-editor.default\">\n\t\t\t\t<div class=\"elementor-widget-container\">\n\t\t\t<style>\/*! elementor - v3.12.1 - 02-04-2023 *\/\n.elementor-widget-text-editor.elementor-drop-cap-view-stacked .elementor-drop-cap{background-color:#69727d;color:#fff}.elementor-widget-text-editor.elementor-drop-cap-view-framed .elementor-drop-cap{color:#69727d;border:3px solid;background-color:transparent}.elementor-widget-text-editor:not(.elementor-drop-cap-view-default) .elementor-drop-cap{margin-top:8px}.elementor-widget-text-editor:not(.elementor-drop-cap-view-default) .elementor-drop-cap-letter{width:1em;height:1em}.elementor-widget-text-editor .elementor-drop-cap{float:left;text-align:center;line-height:1;font-size:50px}.elementor-widget-text-editor .elementor-drop-cap-letter{display:inline-block}<\/style>\t\t\t\t<div class=\"flex flex-grow flex-col max-w-full\"><div class=\"min-h-[20px] text-message flex flex-col items-start gap-3 whitespace-pre-wrap break-words [.text-message+&amp;]:mt-5 overflow-x-auto\" data-message-author-role=\"assistant\" data-message-id=\"1aebbfbf-8cf0-4479-ae72-cd990e580f8d\"><div class=\"markdown prose w-full break-words dark:prose-invert dark\"><div class=\"flex flex-grow flex-col max-w-full\"><div class=\"min-h-[20px] text-message flex flex-col items-start gap-3 whitespace-pre-wrap break-words [.text-message+&amp;]:mt-5 overflow-x-auto\" data-message-author-role=\"assistant\" data-message-id=\"1aebbfbf-8cf0-4479-ae72-cd990e580f8d\"><div class=\"markdown prose w-full break-words dark:prose-invert dark\"><p>Als erster an der K\u00fcste vermieten wir neben Wohnmobilen auch verschiedene Transporter und freuen uns, Sie in der Welt der Freiheit begr\u00fc\u00dfen zu d\u00fcrfen, in der die Stra\u00dfe zu Ihrem pers\u00f6nlichen Zuhause wird<strong>VAN<\/strong>Tour. Wir glauben, dass Reisen mehr bedeutet, als nur von einem Ort zum anderen zu gelangen \u2013 es geht um ein entspanntes Erlebnis im Komfort Ihres eigenen Zuhauses auf R\u00e4dern.<\/p><p>Das Mieten eines Transporters oder Wohnmobils bietet v\u00f6llige Freiheit und Flexibilit\u00e4t bei der Erkundung der Welt.<\/p><p>Alle unsere Fahrzeuge sind neu und sorgf\u00e4ltig gewartet<strong>VAN<\/strong>a, komplett ausgestattet und Sie k\u00f6nnen sie sofort abholen. Egal, ob Sie in eine idyllische l\u00e4ndliche Umgebung entfliehen, versteckte Ecken der Natur erkunden oder den Trubel der Stadt erleben m\u00f6chten, in unserer Flotte finden Sie einen Transporter oder ein Wohnmobil, das Ihren W\u00fcnschen und Bed\u00fcrfnissen entspricht.<\/p><p>Unsere Leidenschaft ist es, sicherzustellen, dass Sie alles haben, was Sie brauchen, um sich zu entspannen und jeden Moment Ihrer einzigartigen Reise zu genie\u00dfen.<\/p><p>Bei der \u00dcbergabe des Fahrzeugs achten wir stets darauf, Ihnen alle notwendigen technischen Informationen, Ratschl\u00e4ge und Empfehlungen zukommen zu lassen, damit Sie sich sicher auf die Reise zu einem neuen Fahrzeug machen k\u00f6nnen<strong>VAN<\/strong>Ich bin auf einer Tour. Wir garantieren Ihnen Flexibilit\u00e4t bei der Vereinbarung des Zeitpunkts f\u00fcr die Abholung und R\u00fcckgabe des Mietfahrzeugs.<\/p><p>Wir laden Sie ein, unser Angebot zu erkunden, sich inspirieren zu lassen und Ihren Begleiter auf vier R\u00e4dern f\u00fcr den n\u00e4chsten Tag auszuw\u00e4hlen<strong>VAN<\/strong>Tour. Wir sind sicher, dass Sie bei Ihrer R\u00fcckkehr voller unvergesslicher Erlebnisse und bereichert um neue Erfahrungen sein werden.<\/p><\/div><\/div><\/div><\/div><\/div><\/div>\t\t\t\t\t\t<\/div>\n\t\t\t\t<\/div>\n\t\t\t\t\t<\/div>\n\t\t<\/div>\n\t\t\t\t<div class=\"elementor-column elementor-col-50 elementor-inner-column elementor-element elementor-element-3cee3fda\" data-id=\"3cee3fda\" data-element_type=\"column\">\n\t\t\t<div class=\"elementor-widget-wrap elementor-element-populated\">\n\t\t\t\t\t\t\t\t<div class=\"elementor-element elementor-element-5499cfd5 elementor-widget elementor-widget-image\" data-id=\"5499cfd5\" data-element_type=\"widget\" data-widget_type=\"image.default\">\n\t\t\t\t<div class=\"elementor-widget-container\">\n\t\t\t<style>\/*! elementor - v3.12.1 - 02-04-2023 *\/\n.elementor-widget-image{text-align:center}.elementor-widget-image a{display:inline-block}.elementor-widget-image a img[src$=\".svg\"]{width:48px}.elementor-widget-image img{vertical-align:middle;display:inline-block}<\/style>\t\t\t\t\t\t\t\t\t\t\t\t<img loading=\"lazy\" decoding=\"async\" width=\"1024\" height=\"683\" src=\"https:\/\/www.rentavan.si\/wp-content\/uploads\/2024\/03\/117A4144-1024x683.jpg\" class=\"attachment-large size-large wp-image-8449\" alt=\"RENTAVAN | najem vana ali avtodoma\" srcset=\"https:\/\/www.rentavan.si\/wp-content\/uploads\/2024\/03\/117A4144-1024x683.jpg 1024w, https:\/\/www.rentavan.si\/wp-content\/uploads\/2024\/03\/117A4144-300x200.jpg 300w, https:\/\/www.rentavan.si\/wp-content\/uploads\/2024\/03\/117A4144-150x100.jpg 150w, https:\/\/www.rentavan.si\/wp-content\/uploads\/2024\/03\/117A4144-768x513.jpg 768w, https:\/\/www.rentavan.si\/wp-content\/uploads\/2024\/03\/117A4144-18x12.jpg 18w, https:\/\/www.rentavan.si\/wp-content\/uploads\/2024\/03\/117A4144-600x400.jpg 600w, https:\/\/www.rentavan.si\/wp-content\/uploads\/2024\/03\/117A4144.jpg 1500w\" sizes=\"auto, (max-width: 1024px) 100vw, 1024px\" \/>\t\t\t\t\t\t\t\t\t\t\t\t\t\t\t<\/div>\n\t\t\t\t<\/div>\n\t\t\t\t\t<\/div>\n\t\t<\/div>\n\t\t\t\t\t\t\t<\/div>\n\t\t<\/section>\n\t\t\t\t<div class=\"elementor-element elementor-element-3d921986 elementor-align-center elementor-widget elementor-widget-button\" data-id=\"3d921986\" data-element_type=\"widget\" data-widget_type=\"button.default\">\n\t\t\t\t<div class=\"elementor-widget-container\">\n\t\t\t\t\t<div class=\"elementor-button-wrapper\">\n\t\t\t<a href=\"https:\/\/www.rentavan.si\/de\/vozila\/\" class=\"elementor-button-link elementor-button elementor-size-sm\" role=\"button\">\n\t\t\t\t\t\t<span class=\"elementor-button-content-wrapper\">\n\t\t\t\t\t\t<span class=\"elementor-button-text\">W\u00e4hlen Sie selbst ein Fahrzeug<\/span>\n\t\t<\/span>\n\t\t\t\t\t<\/a>\n\t\t<\/div>\n\t\t\t\t<\/div>\n\t\t\t\t<\/div>\n\t\t\t\t\t<\/div>\n\t\t<\/div>\n\t\t\t\t\t\t\t<\/div>\n\t\t<\/section>\n\t\t\t\t<section class=\"elementor-section elementor-top-section elementor-element elementor-element-56452380 elementor-section-height-min-height ct-section-stretched elementor-section-boxed elementor-section-height-default elementor-section-items-middle\" data-id=\"56452380\" data-element_type=\"section\" data-settings=\"{&quot;jet_parallax_layout_list&quot;:[],&quot;background_background&quot;:&quot;classic&quot;}\">\n\t\t\t\t\t\t<div class=\"elementor-container elementor-column-gap-default\">\n\t\t\t\t\t<div class=\"elementor-column elementor-col-100 elementor-top-column elementor-element elementor-element-2340acc2\" data-id=\"2340acc2\" data-element_type=\"column\">\n\t\t\t<div class=\"elementor-widget-wrap elementor-element-populated\">\n\t\t\t\t\t\t\t\t<div class=\"elementor-element elementor-element-5f1e70d elementor-widget elementor-widget-heading\" data-id=\"5f1e70d\" data-element_type=\"widget\" data-widget_type=\"heading.default\">\n\t\t\t\t<div class=\"elementor-widget-container\">\n\t\t\t<h2 class=\"elementor-heading-title elementor-size-default\">Wie funktioniert das Mieten einer Badewanne?<\/h2>\t\t<\/div>\n\t\t\t\t<\/div>\n\t\t\t\t<div class=\"elementor-element elementor-element-41390d8f elementor-widget elementor-widget-text-editor\" data-id=\"41390d8f\" data-element_type=\"widget\" data-widget_type=\"text-editor.default\">\n\t\t\t\t<div class=\"elementor-widget-container\">\n\t\t\t\t\t\t\t<div class=\"flex flex-grow flex-col max-w-full\"><div class=\"min-h-[20px] text-message flex flex-col items-start gap-3 whitespace-pre-wrap break-words [.text-message+&amp;]:mt-5 overflow-x-auto\" data-message-author-role=\"assistant\" data-message-id=\"1aebbfbf-8cf0-4479-ae72-cd990e580f8d\"><div class=\"markdown prose w-full break-words dark:prose-invert dark\"><p>W\u00e4hlen Sie RENTAVAN f\u00fcr Ihre n\u00e4chste Reise und erleben Sie die Sorglosigkeit jedes Moments auf der Stra\u00dfe.<\/p><\/div><\/div><\/div>\t\t\t\t\t\t<\/div>\n\t\t\t\t<\/div>\n\t\t\t\t<div class=\"elementor-element elementor-element-14e9dba elementor-widget-divider--view-line elementor-widget elementor-widget-divider\" data-id=\"14e9dba\" data-element_type=\"widget\" data-widget_type=\"divider.default\">\n\t\t\t\t<div class=\"elementor-widget-container\">\n\t\t\t\t\t<div class=\"elementor-divider\">\n\t\t\t<span class=\"elementor-divider-separator\">\n\t\t\t\t\t\t<\/span>\n\t\t<\/div>\n\t\t\t\t<\/div>\n\t\t\t\t<\/div>\n\t\t\t\t<section class=\"elementor-section elementor-inner-section elementor-element elementor-element-6d857b75 elementor-section-full_width elementor-section-height-min-height elementor-section-content-middle elementor-section-height-default\" data-id=\"6d857b75\" data-element_type=\"section\" data-settings=\"{&quot;jet_parallax_layout_list&quot;:[]}\">\n\t\t\t\t\t\t<div class=\"elementor-container elementor-column-gap-default\">\n\t\t\t\t\t<div class=\"elementor-column elementor-col-50 elementor-inner-column elementor-element elementor-element-2e07df8e\" data-id=\"2e07df8e\" data-element_type=\"column\">\n\t\t\t<div class=\"elementor-widget-wrap elementor-element-populated\">\n\t\t\t\t\t\t\t\t<div class=\"elementor-element elementor-element-85419af elementor-widget elementor-widget-image\" data-id=\"85419af\" data-element_type=\"widget\" data-widget_type=\"image.default\">\n\t\t\t\t<div class=\"elementor-widget-container\">\n\t\t\t\t\t\t\t\t\t\t\t\t\t\t\t<img loading=\"lazy\" decoding=\"async\" width=\"1024\" height=\"683\" src=\"https:\/\/www.rentavan.si\/wp-content\/uploads\/2024\/03\/117A3377-1-1024x683.jpg\" class=\"attachment-large size-large wp-image-8590\" alt=\"RENTAVAN | najem vana ali avtodoma\" srcset=\"https:\/\/www.rentavan.si\/wp-content\/uploads\/2024\/03\/117A3377-1-1024x683.jpg 1024w, https:\/\/www.rentavan.si\/wp-content\/uploads\/2024\/03\/117A3377-1-300x200.jpg 300w, https:\/\/www.rentavan.si\/wp-content\/uploads\/2024\/03\/117A3377-1-150x100.jpg 150w, https:\/\/www.rentavan.si\/wp-content\/uploads\/2024\/03\/117A3377-1-768x512.jpg 768w, https:\/\/www.rentavan.si\/wp-content\/uploads\/2024\/03\/117A3377-1-1536x1025.jpg 1536w, https:\/\/www.rentavan.si\/wp-content\/uploads\/2024\/03\/117A3377-1-2048x1366.jpg 2048w, https:\/\/www.rentavan.si\/wp-content\/uploads\/2024\/03\/117A3377-1-18x12.jpg 18w, https:\/\/www.rentavan.si\/wp-content\/uploads\/2024\/03\/117A3377-1-600x400.jpg 600w\" sizes=\"auto, (max-width: 1024px) 100vw, 1024px\" \/>\t\t\t\t\t\t\t\t\t\t\t\t\t\t\t<\/div>\n\t\t\t\t<\/div>\n\t\t\t\t\t<\/div>\n\t\t<\/div>\n\t\t\t\t<div class=\"elementor-column elementor-col-50 elementor-inner-column elementor-element elementor-element-2da6d86d\" data-id=\"2da6d86d\" data-element_type=\"column\">\n\t\t\t<div class=\"elementor-widget-wrap elementor-element-populated\">\n\t\t\t\t\t\t\t\t<div class=\"elementor-element elementor-element-15c09be4 elementor-widget elementor-widget-jet-timeline\" data-id=\"15c09be4\" data-element_type=\"widget\" data-widget_type=\"jet-timeline.default\">\n\t\t\t\t<div class=\"elementor-widget-container\">\n\t\t\t<div class=\"elementor-jet-timeline jet-elements\"><div class=\"jet-timeline jet-timeline--align-left jet-timeline--align-middle\">\n\t<div class=\"jet-timeline__line\"><div class=\"jet-timeline__line-progress\"><\/div><\/div>\n\t<div class=\"jet-timeline-list\"><div class=\"jet-timeline-item  elementor-repeater-item-6926a05 jet-timeline-item--image-inside\">\n\t<div class=\"timeline-item__card\">\n\t\t<div class=\"timeline-item__card-inner\">\n\t\t\t\t\t\t\t\t<div class=\"timeline-item__card-content\">\n\t\t\t\t\t<div class=\"timeline-item__meta\"><\/div><div class=\"timeline-item__card-desc\">1. W\u00e4hlen Sie Ihr Fahrzeug und die Mietbedingungen. Senden Sie eine Anfrage und wir erstellen Ihnen das gew\u00fcnschte Angebot. Das Wohnmobil ist reserviert, wenn die H\u00e4lfte des Mietpreises bezahlt ist.<\/div>\t\t\t\t<\/div>\n\t\t\t\t\t\t<\/div>\n\t\t<div class=\"timeline-item__card-arrow\"><\/div>\n\t<\/div>\n\t<div class=\"timeline-item__point\"><div class=\"timeline-item__point-content timeline-item__point-content--icon\"><span class=\"jet-elements-icon\"><i aria-hidden=\"true\" class=\"fas fa-angle-double-right\"><\/i><\/span><\/div><\/div><div class=\"timeline-item__meta\"><\/div><\/div><div class=\"jet-timeline-item  elementor-repeater-item-36efbd8 jet-timeline-item--image-inside\">\n\t<div class=\"timeline-item__card\">\n\t\t<div class=\"timeline-item__card-inner\">\n\t\t\t\t\t\t\t\t<div class=\"timeline-item__card-content\">\n\t\t\t\t\t<div class=\"timeline-item__meta\"><\/div><div class=\"timeline-item__card-desc\">2. \u00dcberweisen Sie sp\u00e4testens 3 Wochen vor Reiseantritt die andere H\u00e4lfte des Van-\/Wohnmobilmietbetrags auf unser Konto.<\/div>\t\t\t\t<\/div>\n\t\t\t\t\t\t<\/div>\n\t\t<div class=\"timeline-item__card-arrow\"><\/div>\n\t<\/div>\n\t<div class=\"timeline-item__point\"><div class=\"timeline-item__point-content timeline-item__point-content--icon\"><span class=\"jet-elements-icon\"><i aria-hidden=\"true\" class=\"fas fa-angle-double-right\"><\/i><\/span><\/div><\/div><div class=\"timeline-item__meta\"><\/div><\/div><div class=\"jet-timeline-item  elementor-repeater-item-a55899a jet-timeline-item--image-inside\">\n\t<div class=\"timeline-item__card\">\n\t\t<div class=\"timeline-item__card-inner\">\n\t\t\t\t\t\t\t\t<div class=\"timeline-item__card-content\">\n\t\t\t\t\t<div class=\"timeline-item__meta\"><\/div><div class=\"timeline-item__card-desc\">3. Vor der \u00dcbernahme ist eine Kaution zu hinterlegen (die H\u00f6he der Kaution ist abh\u00e4ngig vom Fahrzeugtyp).<\/div>\t\t\t\t<\/div>\n\t\t\t\t\t\t<\/div>\n\t\t<div class=\"timeline-item__card-arrow\"><\/div>\n\t<\/div>\n\t<div class=\"timeline-item__point\"><div class=\"timeline-item__point-content timeline-item__point-content--icon\"><span class=\"jet-elements-icon\"><i aria-hidden=\"true\" class=\"fas fa-angle-double-right\"><\/i><\/span><\/div><\/div><div class=\"timeline-item__meta\"><\/div><\/div><div class=\"jet-timeline-item  elementor-repeater-item-074e98b jet-timeline-item--image-inside\">\n\t<div class=\"timeline-item__card\">\n\t\t<div class=\"timeline-item__card-inner\">\n\t\t\t\t\t\t\t\t<div class=\"timeline-item__card-content\">\n\t\t\t\t\t<div class=\"timeline-item__meta\"><\/div><div class=\"timeline-item__card-desc\">4. Vor der Abreise erfolgt eine Besichtigung und Pr\u00e4sentation des Wohnmobils und seiner Funktionsweise. Gemeinsam schlie\u00dfen wir den Mietvertrag ab, \u00fcbergeben die Unterlagen und pr\u00fcfen die Ausstattung des Wohnmobils.<\/div>\t\t\t\t<\/div>\n\t\t\t\t\t\t<\/div>\n\t\t<div class=\"timeline-item__card-arrow\"><\/div>\n\t<\/div>\n\t<div class=\"timeline-item__point\"><div class=\"timeline-item__point-content timeline-item__point-content--icon\"><span class=\"jet-elements-icon\"><i aria-hidden=\"true\" class=\"fas fa-angle-double-right\"><\/i><\/span><\/div><\/div><div class=\"timeline-item__meta\"><\/div><\/div><div class=\"jet-timeline-item  elementor-repeater-item-c694c41 jet-timeline-item--image-inside\">\n\t<div class=\"timeline-item__card\">\n\t\t<div class=\"timeline-item__card-inner\">\n\t\t\t\t\t\t\t\t<div class=\"timeline-item__card-content\">\n\t\t\t\t\t<div class=\"timeline-item__meta\"><\/div><div class=\"timeline-item__card-desc\">5. Gefolgt von Ihrem unvergesslichen Urlaub und neuen Eindr\u00fccken<b>VAN<\/b>Touren.<\/div>\t\t\t\t<\/div>\n\t\t\t\t\t\t<\/div>\n\t\t<div class=\"timeline-item__card-arrow\"><\/div>\n\t<\/div>\n\t<div class=\"timeline-item__point\"><div class=\"timeline-item__point-content timeline-item__point-content--icon\"><span class=\"jet-elements-icon\"><i aria-hidden=\"true\" class=\"fas fa-angle-double-right\"><\/i><\/span><\/div><\/div><div class=\"timeline-item__meta\"><\/div><\/div><div class=\"jet-timeline-item  elementor-repeater-item-8c69b09 jet-timeline-item--image-inside\">\n\t<div class=\"timeline-item__card\">\n\t\t<div class=\"timeline-item__card-inner\">\n\t\t\t\t\t\t\t\t<div class=\"timeline-item__card-content\">\n\t\t\t\t\t<div class=\"timeline-item__meta\"><\/div><div class=\"timeline-item__card-desc\">6. Sie geben das Wohnmobil am vereinbarten Tag zum vereinbarten Zeitpunkt zur\u00fcck. Wir pr\u00fcfen gemeinsam das Fahrzeug und wenn alles in Ordnung ist, erhalten Sie die Kaution innerhalb von 5 Werktagen auf Ihr Konto \u00fcberwiesen.<\/div>\t\t\t\t<\/div>\n\t\t\t\t\t\t<\/div>\n\t\t<div class=\"timeline-item__card-arrow\"><\/div>\n\t<\/div>\n\t<div class=\"timeline-item__point\"><div class=\"timeline-item__point-content timeline-item__point-content--icon\"><span class=\"jet-elements-icon\"><i aria-hidden=\"true\" class=\"fas fa-angle-double-right\"><\/i><\/span><\/div><\/div><div class=\"timeline-item__meta\"><\/div><\/div><\/div><\/div><\/div>\t\t<\/div>\n\t\t\t\t<\/div>\n\t\t\t\t\t<\/div>\n\t\t<\/div>\n\t\t\t\t\t\t\t<\/div>\n\t\t<\/section>\n\t\t\t\t\t<\/div>\n\t\t<\/div>\n\t\t\t\t\t\t\t<\/div>\n\t\t<\/section>\n\t\t\t\t\t\t\t<\/div>","protected":false},"excerpt":{"rendered":"<p>Dobrodo\u0161li na RENTAVAN spletni strani, kjer se skupaj odpravljamo na nepozabno potovanje! Kot prvi na Obali, ki poleg avtodomov, oddajamo v najem tudi razli\u010dne vane, vas z veseljem pozdravljamo v svetu svobode, kjer se cesta spremeni v va\u0161o osebno aVANturo. Pri nas verjamemo, da je potovanje ve\u010d kot le premikanje z ene to\u010dke na drugo \u2013 gre za spro\u0161\u010deno do\u017eivetje v udobju lastnega doma na kolesih. Najem vana ali avtodoma omogo\u010da popolno svobodo in prilagodljivost pri raziskovanju sveta. Vsa na\u0161a vozila so nova, skrbno vzdr\u017eeVANa, polno opremljena in prevzamete jih \u017ee pripravljena za na pot. Ne glede na to, ali\u2026<\/p>","protected":false},"author":1,"featured_media":0,"parent":0,"menu_order":0,"comment_status":"closed","ping_status":"closed","template":"","meta":{"_seopress_robots_primary_cat":"","footnotes":""},"class_list":["post-6991","page","type-page","status-publish","hentry"],"blocksy_meta":"","_links":{"self":[{"href":"https:\/\/www.rentavan.si\/de\/wp-json\/wp\/v2\/pages\/6991","targetHints":{"allow":["GET"]}}],"collection":[{"href":"https:\/\/www.rentavan.si\/de\/wp-json\/wp\/v2\/pages"}],"about":[{"href":"https:\/\/www.rentavan.si\/de\/wp-json\/wp\/v2\/types\/page"}],"author":[{"embeddable":true,"href":"https:\/\/www.rentavan.si\/de\/wp-json\/wp\/v2\/users\/1"}],"replies":[{"embeddable":true,"href":"https:\/\/www.rentavan.si\/de\/wp-json\/wp\/v2\/comments?post=6991"}],"version-history":[{"count":0,"href":"https:\/\/www.rentavan.si\/de\/wp-json\/wp\/v2\/pages\/6991\/revisions"}],"wp:attachment":[{"href":"https:\/\/www.rentavan.si\/de\/wp-json\/wp\/v2\/media?parent=6991"}],"curies":[{"name":"wp","href":"https:\/\/api.w.org\/{rel}","templated":true}]}}