{"id":8503,"date":"2024-03-18T09:46:30","date_gmt":"2024-03-18T09:46:30","guid":{"rendered":"https:\/\/www.rentavan.si\/splosni-pogoji-copy\/"},"modified":"2024-04-03T08:36:21","modified_gmt":"2024-04-03T08:36:21","slug":"politika-zaebnosti","status":"publish","type":"page","link":"https:\/\/www.rentavan.si\/de\/politika-zaebnosti\/","title":{"rendered":"Datenschutzrichtlinie"},"content":{"rendered":"<div data-elementor-type=\"wp-page\" data-elementor-id=\"8503\" class=\"elementor elementor-8503\">\n\t\t\t\t\t\t\t\t\t<section class=\"elementor-section elementor-top-section elementor-element elementor-element-8724dc0 elementor-section-height-min-height ct-section-stretched elementor-section-boxed elementor-section-height-default elementor-section-items-middle\" data-id=\"8724dc0\" data-element_type=\"section\" data-settings=\"{&quot;jet_parallax_layout_list&quot;:[]}\">\n\t\t\t\t\t\t<div class=\"elementor-container elementor-column-gap-default\">\n\t\t\t\t\t<div class=\"elementor-column elementor-col-100 elementor-top-column elementor-element elementor-element-ebfe2b7\" data-id=\"ebfe2b7\" data-element_type=\"column\">\n\t\t\t<div class=\"elementor-widget-wrap elementor-element-populated\">\n\t\t\t\t\t\t\t\t<div class=\"elementor-element elementor-element-74eb7e3 elementor-widget elementor-widget-heading\" data-id=\"74eb7e3\" data-element_type=\"widget\" data-widget_type=\"heading.default\">\n\t\t\t\t<div class=\"elementor-widget-container\">\n\t\t\t<style>\/*! elementor - v3.12.1 - 02-04-2023 *\/\n.elementor-heading-title{padding:0;margin:0;line-height:1}.elementor-widget-heading .elementor-heading-title[class*=elementor-size-]>a{color:inherit;font-size:inherit;line-height:inherit}.elementor-widget-heading .elementor-heading-title.elementor-size-small{font-size:15px}.elementor-widget-heading .elementor-heading-title.elementor-size-medium{font-size:19px}.elementor-widget-heading .elementor-heading-title.elementor-size-large{font-size:29px}.elementor-widget-heading .elementor-heading-title.elementor-size-xl{font-size:39px}.elementor-widget-heading .elementor-heading-title.elementor-size-xxl{font-size:59px}<\/style><h2 class=\"elementor-heading-title elementor-size-default\">Datenschutzrichtlinie<\/h2>\t\t<\/div>\n\t\t\t\t<\/div>\n\t\t\t\t<div class=\"elementor-element elementor-element-3024ff5 elementor-widget-divider--view-line elementor-widget elementor-widget-divider\" data-id=\"3024ff5\" data-element_type=\"widget\" data-widget_type=\"divider.default\">\n\t\t\t\t<div class=\"elementor-widget-container\">\n\t\t\t<style>\/*! elementor - v3.12.1 - 02-04-2023 *\/\n.elementor-widget-divider{--divider-border-style:none;--divider-border-width:1px;--divider-color:#0c0d0e;--divider-icon-size:20px;--divider-element-spacing:10px;--divider-pattern-height:24px;--divider-pattern-size:20px;--divider-pattern-url:none;--divider-pattern-repeat:repeat-x}.elementor-widget-divider .elementor-divider{display:flex}.elementor-widget-divider .elementor-divider__text{font-size:15px;line-height:1;max-width:95%}.elementor-widget-divider .elementor-divider__element{margin:0 var(--divider-element-spacing);flex-shrink:0}.elementor-widget-divider .elementor-icon{font-size:var(--divider-icon-size)}.elementor-widget-divider .elementor-divider-separator{display:flex;margin:0;direction:ltr}.elementor-widget-divider--view-line_icon .elementor-divider-separator,.elementor-widget-divider--view-line_text .elementor-divider-separator{align-items:center}.elementor-widget-divider--view-line_icon .elementor-divider-separator:after,.elementor-widget-divider--view-line_icon .elementor-divider-separator:before,.elementor-widget-divider--view-line_text .elementor-divider-separator:after,.elementor-widget-divider--view-line_text .elementor-divider-separator:before{display:block;content:\"\";border-bottom:0;flex-grow:1;border-top:var(--divider-border-width) var(--divider-border-style) var(--divider-color)}.elementor-widget-divider--element-align-left .elementor-divider .elementor-divider-separator>.elementor-divider__svg:first-of-type{flex-grow:0;flex-shrink:100}.elementor-widget-divider--element-align-left .elementor-divider-separator:before{content:none}.elementor-widget-divider--element-align-left .elementor-divider__element{margin-left:0}.elementor-widget-divider--element-align-right .elementor-divider .elementor-divider-separator>.elementor-divider__svg:last-of-type{flex-grow:0;flex-shrink:100}.elementor-widget-divider--element-align-right .elementor-divider-separator:after{content:none}.elementor-widget-divider--element-align-right .elementor-divider__element{margin-right:0}.elementor-widget-divider:not(.elementor-widget-divider--view-line_text):not(.elementor-widget-divider--view-line_icon) .elementor-divider-separator{border-top:var(--divider-border-width) var(--divider-border-style) var(--divider-color)}.elementor-widget-divider--separator-type-pattern{--divider-border-style:none}.elementor-widget-divider--separator-type-pattern.elementor-widget-divider--view-line .elementor-divider-separator,.elementor-widget-divider--separator-type-pattern:not(.elementor-widget-divider--view-line) .elementor-divider-separator:after,.elementor-widget-divider--separator-type-pattern:not(.elementor-widget-divider--view-line) .elementor-divider-separator:before,.elementor-widget-divider--separator-type-pattern:not([class*=elementor-widget-divider--view]) .elementor-divider-separator{width:100%;min-height:var(--divider-pattern-height);-webkit-mask-size:var(--divider-pattern-size) 100%;mask-size:var(--divider-pattern-size) 100%;-webkit-mask-repeat:var(--divider-pattern-repeat);mask-repeat:var(--divider-pattern-repeat);background-color:var(--divider-color);-webkit-mask-image:var(--divider-pattern-url);mask-image:var(--divider-pattern-url)}.elementor-widget-divider--no-spacing{--divider-pattern-size:auto}.elementor-widget-divider--bg-round{--divider-pattern-repeat:round}.rtl .elementor-widget-divider .elementor-divider__text{direction:rtl}.e-con-inner>.elementor-widget-divider,.e-con>.elementor-widget-divider{width:var(--container-widget-width,100%);--flex-grow:var(--container-widget-flex-grow)}<\/style>\t\t<div class=\"elementor-divider\">\n\t\t\t<span class=\"elementor-divider-separator\">\n\t\t\t\t\t\t<\/span>\n\t\t<\/div>\n\t\t\t\t<\/div>\n\t\t\t\t<\/div>\n\t\t\t\t<div class=\"elementor-element elementor-element-c745086 elementor-widget elementor-widget-heading\" data-id=\"c745086\" data-element_type=\"widget\" data-widget_type=\"heading.default\">\n\t\t\t\t<div class=\"elementor-widget-container\">\n\t\t\t<h2 class=\"elementor-heading-title elementor-size-default\">ERKL\u00c4RUNG ZUR EINHALTUNG DER PERSONENBEZOGENEN DATENVERWALTUNG<\/h2>\t\t<\/div>\n\t\t\t\t<\/div>\n\t\t\t\t<div class=\"elementor-element elementor-element-3305a50 elementor-widget__width-initial elementor-widget elementor-widget-text-editor\" data-id=\"3305a50\" data-element_type=\"widget\" data-widget_type=\"text-editor.default\">\n\t\t\t\t<div class=\"elementor-widget-container\">\n\t\t\t<style>\/*! elementor - v3.12.1 - 02-04-2023 *\/\n.elementor-widget-text-editor.elementor-drop-cap-view-stacked .elementor-drop-cap{background-color:#69727d;color:#fff}.elementor-widget-text-editor.elementor-drop-cap-view-framed .elementor-drop-cap{color:#69727d;border:3px solid;background-color:transparent}.elementor-widget-text-editor:not(.elementor-drop-cap-view-default) .elementor-drop-cap{margin-top:8px}.elementor-widget-text-editor:not(.elementor-drop-cap-view-default) .elementor-drop-cap-letter{width:1em;height:1em}.elementor-widget-text-editor .elementor-drop-cap{float:left;text-align:center;line-height:1;font-size:50px}.elementor-widget-text-editor .elementor-drop-cap-letter{display:inline-block}<\/style>\t\t\t\t<div class=\"flex flex-grow flex-col max-w-full\"><div class=\"min-h-[20px] text-message flex flex-col items-start gap-3 whitespace-pre-wrap break-words [.text-message+&amp;]:mt-5 overflow-x-auto\" data-message-author-role=\"assistant\" data-message-id=\"1aebbfbf-8cf0-4479-ae72-cd990e580f8d\"><div class=\"markdown prose w-full break-words dark:prose-invert dark\"><p>Das Unternehmen Nautic service dvigal doo, Sermin 71 h, 6000 Koper, Slowenien, Unternehmen RENTAVAN (im Folgenden: NSD RENTAVAN) gibt gegen\u00fcber seinen Kunden folgende Erkl\u00e4rung ab:<\/p><ol><li>Wir verpflichten uns und erkl\u00e4ren, dass das Unternehmen NSD RENTAVAN als Verwalter personenbezogener Daten die personenbezogenen Daten von Kunden verwaltet, die Kunden des Online-Shops rentavan.si sind. Wenn f\u00fcr einen bestimmten Zweck der Verwaltung personenbezogener Daten eine andere juristische Person als NSD RENTAVAN als Verantwortlicher f\u00fcr personenbezogene Daten definiert wird, wird die Identit\u00e4t dieser juristischen Person im Zusammenhang mit dem spezifischen Zweck der Verwaltung personenbezogener Daten offengelegt.<\/li><li>Wir verpflichten uns au\u00dferdem und erkl\u00e4ren, dass diese Verwaltung personenbezogener Daten im Einklang mit den einschl\u00e4gigen Vorschriften f\u00fcr die Verwaltung personenbezogener Daten erfolgt und die Bestimmungen der Verordnung (EU) 2016\/679 des Europ\u00e4ischen Parlaments und des Rates \u00fcber die Verarbeitung personenbezogener Daten ber\u00fccksichtigt Schutz nat\u00fcrlicher Personen bei der Verarbeitung personenbezogener Daten und zum freien Datenverkehr sowie zur Aufhebung der Richtlinie 95\/46\/EG (Datenschutz-Grundverordnung, DSGVO) und nationaler Rechtsvorschriften im Bereich des Schutzes personenbezogener Daten als regionale Gesetzgebung, die f\u00fcr den Betrieb von NSD RENTAVAN relevant ist.<\/li><li>Wir verpflichten uns, die Bestimmungen der in Punkt 2 dieser Erkl\u00e4rung genannten Vorschriften bei der Verwaltung personenbezogener Daten oder bei der Verarbeitung personenbezogener Daten vollst\u00e4ndig einzuhalten, und wir werden die gleiche Einhaltung auch von unseren bestehenden \u2013 vertraglichen \u2013 und zuk\u00fcnftigen \u2013 potenziellen \u2013 Partnern verlangen .<\/li><li>Wir erkl\u00e4ren, dass das Unternehmen NSD RENTAVAN vor Beginn der Verwaltung personenbezogener Daten alles in seiner Macht Stehende tun wird, um sicherzustellen, dass jede Person, auf die sich personenbezogene Daten beziehen, das Recht auf Auskunft hat, um sicherzustellen, dass sie \u00fcber klare und detaillierte Informationen verf\u00fcgt \u00fcber die Verwaltung seiner personenbezogenen Daten und alle seine Rechte im Zusammenhang mit der Verwaltung der damit verbundenen Daten sowie \u00fcber die ihm zur Verf\u00fcgung stehenden Rechtsbehelfsm\u00f6glichkeiten.<\/li><li>F\u00fcr das Unternehmen NSD RENTAVAN hat der Schutz personenbezogener Daten bei der Verwaltung personenbezogener Daten oberste Priorit\u00e4t und gew\u00e4hrleistet so das Recht der Personen, auf die sich personenbezogene Daten beziehen, auf Selbstbestimmung \u00fcber deren Verwendung. Um dieses Ziel zu erreichen, stellen wir gem\u00e4\u00df den Bestimmungen der in Punkt 2 dieser Erkl\u00e4rung genannten Vorschriften einen angemessenen Schutz der von uns erhobenen personenbezogenen Daten sicher. Der Online-Shop rentavan.si verwendet SSL-Technologie zur \u00dcbertragung aller pers\u00f6nlichen Daten des Benutzers, wodurch die Verschl\u00fcsselung aller mit Bestellungen gesendeten Informationen gew\u00e4hrleistet wird.<br \/>Die Informationen, die der Benutzer dem Verantwortlichen anvertraut, sind vertraulich. NSD RENTAVAN gibt diese nicht an unbefugte Dritte weiter. Allerdings k\u00f6nnen personenbezogene Daten gem\u00e4\u00df dem geltenden Datenschutzgesetz an vertrauensw\u00fcrdige Partner oder aufgrund einer gesetzlichen Verpflichtung weitergegeben werden.<\/li><li>Anfrage und Benutzerinformationen<br \/>Der Anbieter \u00fcbernimmt keine Gew\u00e4hr f\u00fcr die Richtigkeit der vom Nutzer eingegebenen Daten. Das Unternehmen NSD RENTAVAN wird die eingegebenen Daten bis zum Widerruf zur Bearbeitung der Bestellung des Nutzers, zur Erstellung noch relevanterer Angebote und f\u00fcr Marketinganalysen verwenden, die zur Verbesserung des Verkaufsprozesses beitragen. Die Daten k\u00f6nnen auch f\u00fcr Remarketing verwendet werden. NSD RENTAVAN speichert die Daten bis zur L\u00f6schung oder Abmeldung gem\u00e4\u00df slowenischer Gesetzgebung. Der Benutzer kann sich jederzeit schriftlich abmelden, indem er eine E-Mail an info@rentavan.si sendet. Die E-Mail muss folgende Informationen enthalten: Der Titel der Nachricht sollte \u201ePers\u00f6nliche Daten l\u00f6schen\u201c lauten; Der Inhalt der Bestellung muss den Vor- und Nachnamen des Nutzers, die Adresse und die E-Mail-Adresse enthalten, mit der sich der Nutzer registriert hat. Die Nachricht muss von der E-Mail-Adresse gesendet werden, die der Benutzer bei der Bestellung der Ware angegeben hat.<\/li><li>Zustimmung<br \/>Durch die Nutzung der Website rentavan.si stimmt der Benutzer den auf dieser Website ver\u00f6ffentlichten allgemeinen Nutzungsbedingungen zu. Auf dieser Website kann der Nutzer regelm\u00e4\u00dfig \u00c4nderungen der Allgemeinen Gesch\u00e4ftsbedingungen und damit der Art und Weise und des Zwecks der Verarbeitung der erhobenen personenbezogenen Daten einsehen. Durch die Nutzung unserer Website best\u00e4tigt der Benutzer, dass er alle Datenvertraulichkeitsbedingungen und die Art und Weise der Nutzung von rentavan.si gelesen und verstanden hat und ihnen zustimmt.<\/li><\/ol><p>Der Verantwortliche f\u00fcr personenbezogene Daten ist: Nautic service dvigal doo, Sermin 71 h, 6000 Koper, Slowenien.<\/p><p>Bei Fragen zum Datenschutz und zur Verarbeitung personenbezogener Daten k\u00f6nnen Sie sich an info@rentavan.si wenden.\u00a0<\/p><\/div><\/div><\/div>\t\t\t\t\t\t<\/div>\n\t\t\t\t<\/div>\n\t\t\t\t\t<\/div>\n\t\t<\/div>\n\t\t\t\t\t\t\t<\/div>\n\t\t<\/section>\n\t\t\t\t\t\t\t<\/div>","protected":false},"excerpt":{"rendered":"<p>IZJAVA O SKLADNOSTI UPRAVLJANJA Z OSEBNIMI PODATKI Podjetje Nautic service dvigal d.o.o., Sermin 71 h, 6000 Koper, Slovenija, dejavnost RENTAVAN (v nadaljevanju: NSD RENTAVAN) podaja svojim strankam naslednjo izjavo: Zavezujemo se in izjavljamo, da podjetje NSD RENTAVAN, kot upravljavec osebnih podatkov upravlja osebne podatke strank, ki so stranke spletne trgovine rentavan.si. \u010ce je za dolo\u010den namen upravljanja osebnih podatkov tudi drug subjekt, ki ni podjetje NSD RENTAVAN, opredeljen kot upravljavec osebnih podatkov, se v zvezi z dolo\u010denim namenom upravljanja osebnih podatkov razkrije identiteto tega subjekta. Nadalje se zavezujemo in navajamo, da tako upravljanje osebnih podatkov izvajamo v skladu z zadevnimi\u2026<\/p>","protected":false},"author":1,"featured_media":0,"parent":0,"menu_order":0,"comment_status":"closed","ping_status":"closed","template":"","meta":{"_seopress_robots_primary_cat":"","footnotes":""},"class_list":["post-8503","page","type-page","status-publish","hentry"],"blocksy_meta":"","_links":{"self":[{"href":"https:\/\/www.rentavan.si\/de\/wp-json\/wp\/v2\/pages\/8503","targetHints":{"allow":["GET"]}}],"collection":[{"href":"https:\/\/www.rentavan.si\/de\/wp-json\/wp\/v2\/pages"}],"about":[{"href":"https:\/\/www.rentavan.si\/de\/wp-json\/wp\/v2\/types\/page"}],"author":[{"embeddable":true,"href":"https:\/\/www.rentavan.si\/de\/wp-json\/wp\/v2\/users\/1"}],"replies":[{"embeddable":true,"href":"https:\/\/www.rentavan.si\/de\/wp-json\/wp\/v2\/comments?post=8503"}],"version-history":[{"count":0,"href":"https:\/\/www.rentavan.si\/de\/wp-json\/wp\/v2\/pages\/8503\/revisions"}],"wp:attachment":[{"href":"https:\/\/www.rentavan.si\/de\/wp-json\/wp\/v2\/media?parent=8503"}],"curies":[{"name":"wp","href":"https:\/\/api.w.org\/{rel}","templated":true}]}}