{"id":8605,"date":"2024-03-19T09:54:27","date_gmt":"2024-03-19T09:54:27","guid":{"rendered":"https:\/\/www.rentavan.si\/politika-zaebnosti-copy\/"},"modified":"2024-04-03T08:36:10","modified_gmt":"2024-04-03T08:36:10","slug":"piskotki","status":"publish","type":"page","link":"https:\/\/www.rentavan.si\/de\/piskotki\/","title":{"rendered":"Kekse"},"content":{"rendered":"<div data-elementor-type=\"wp-page\" data-elementor-id=\"8605\" class=\"elementor elementor-8605\">\n\t\t\t\t\t\t\t\t\t<section class=\"elementor-section elementor-top-section elementor-element elementor-element-8724dc0 elementor-section-height-min-height ct-section-stretched elementor-section-boxed elementor-section-height-default elementor-section-items-middle\" data-id=\"8724dc0\" data-element_type=\"section\" data-settings=\"{&quot;jet_parallax_layout_list&quot;:[]}\">\n\t\t\t\t\t\t<div class=\"elementor-container elementor-column-gap-default\">\n\t\t\t\t\t<div class=\"elementor-column elementor-col-100 elementor-top-column elementor-element elementor-element-ebfe2b7\" data-id=\"ebfe2b7\" data-element_type=\"column\">\n\t\t\t<div class=\"elementor-widget-wrap elementor-element-populated\">\n\t\t\t\t\t\t\t\t<div class=\"elementor-element elementor-element-74eb7e3 elementor-widget elementor-widget-heading\" data-id=\"74eb7e3\" data-element_type=\"widget\" data-widget_type=\"heading.default\">\n\t\t\t\t<div class=\"elementor-widget-container\">\n\t\t\t<style>\/*! elementor - v3.12.1 - 02-04-2023 *\/\n.elementor-heading-title{padding:0;margin:0;line-height:1}.elementor-widget-heading .elementor-heading-title[class*=elementor-size-]>a{color:inherit;font-size:inherit;line-height:inherit}.elementor-widget-heading .elementor-heading-title.elementor-size-small{font-size:15px}.elementor-widget-heading .elementor-heading-title.elementor-size-medium{font-size:19px}.elementor-widget-heading .elementor-heading-title.elementor-size-large{font-size:29px}.elementor-widget-heading .elementor-heading-title.elementor-size-xl{font-size:39px}.elementor-widget-heading .elementor-heading-title.elementor-size-xxl{font-size:59px}<\/style><h2 class=\"elementor-heading-title elementor-size-default\">Kekse<\/h2>\t\t<\/div>\n\t\t\t\t<\/div>\n\t\t\t\t<div class=\"elementor-element elementor-element-3024ff5 elementor-widget-divider--view-line elementor-widget elementor-widget-divider\" data-id=\"3024ff5\" data-element_type=\"widget\" data-widget_type=\"divider.default\">\n\t\t\t\t<div class=\"elementor-widget-container\">\n\t\t\t<style>\/*! elementor - v3.12.1 - 02-04-2023 *\/\n.elementor-widget-divider{--divider-border-style:none;--divider-border-width:1px;--divider-color:#0c0d0e;--divider-icon-size:20px;--divider-element-spacing:10px;--divider-pattern-height:24px;--divider-pattern-size:20px;--divider-pattern-url:none;--divider-pattern-repeat:repeat-x}.elementor-widget-divider .elementor-divider{display:flex}.elementor-widget-divider .elementor-divider__text{font-size:15px;line-height:1;max-width:95%}.elementor-widget-divider .elementor-divider__element{margin:0 var(--divider-element-spacing);flex-shrink:0}.elementor-widget-divider .elementor-icon{font-size:var(--divider-icon-size)}.elementor-widget-divider .elementor-divider-separator{display:flex;margin:0;direction:ltr}.elementor-widget-divider--view-line_icon .elementor-divider-separator,.elementor-widget-divider--view-line_text .elementor-divider-separator{align-items:center}.elementor-widget-divider--view-line_icon .elementor-divider-separator:after,.elementor-widget-divider--view-line_icon .elementor-divider-separator:before,.elementor-widget-divider--view-line_text .elementor-divider-separator:after,.elementor-widget-divider--view-line_text .elementor-divider-separator:before{display:block;content:\"\";border-bottom:0;flex-grow:1;border-top:var(--divider-border-width) var(--divider-border-style) var(--divider-color)}.elementor-widget-divider--element-align-left .elementor-divider .elementor-divider-separator>.elementor-divider__svg:first-of-type{flex-grow:0;flex-shrink:100}.elementor-widget-divider--element-align-left .elementor-divider-separator:before{content:none}.elementor-widget-divider--element-align-left .elementor-divider__element{margin-left:0}.elementor-widget-divider--element-align-right .elementor-divider .elementor-divider-separator>.elementor-divider__svg:last-of-type{flex-grow:0;flex-shrink:100}.elementor-widget-divider--element-align-right .elementor-divider-separator:after{content:none}.elementor-widget-divider--element-align-right .elementor-divider__element{margin-right:0}.elementor-widget-divider:not(.elementor-widget-divider--view-line_text):not(.elementor-widget-divider--view-line_icon) .elementor-divider-separator{border-top:var(--divider-border-width) var(--divider-border-style) var(--divider-color)}.elementor-widget-divider--separator-type-pattern{--divider-border-style:none}.elementor-widget-divider--separator-type-pattern.elementor-widget-divider--view-line .elementor-divider-separator,.elementor-widget-divider--separator-type-pattern:not(.elementor-widget-divider--view-line) .elementor-divider-separator:after,.elementor-widget-divider--separator-type-pattern:not(.elementor-widget-divider--view-line) .elementor-divider-separator:before,.elementor-widget-divider--separator-type-pattern:not([class*=elementor-widget-divider--view]) .elementor-divider-separator{width:100%;min-height:var(--divider-pattern-height);-webkit-mask-size:var(--divider-pattern-size) 100%;mask-size:var(--divider-pattern-size) 100%;-webkit-mask-repeat:var(--divider-pattern-repeat);mask-repeat:var(--divider-pattern-repeat);background-color:var(--divider-color);-webkit-mask-image:var(--divider-pattern-url);mask-image:var(--divider-pattern-url)}.elementor-widget-divider--no-spacing{--divider-pattern-size:auto}.elementor-widget-divider--bg-round{--divider-pattern-repeat:round}.rtl .elementor-widget-divider .elementor-divider__text{direction:rtl}.e-con-inner>.elementor-widget-divider,.e-con>.elementor-widget-divider{width:var(--container-widget-width,100%);--flex-grow:var(--container-widget-flex-grow)}<\/style>\t\t<div class=\"elementor-divider\">\n\t\t\t<span class=\"elementor-divider-separator\">\n\t\t\t\t\t\t<\/span>\n\t\t<\/div>\n\t\t\t\t<\/div>\n\t\t\t\t<\/div>\n\t\t\t\t<div class=\"elementor-element elementor-element-3305a50 elementor-widget__width-initial elementor-widget elementor-widget-text-editor\" data-id=\"3305a50\" data-element_type=\"widget\" data-widget_type=\"text-editor.default\">\n\t\t\t\t<div class=\"elementor-widget-container\">\n\t\t\t<style>\/*! elementor - v3.12.1 - 02-04-2023 *\/\n.elementor-widget-text-editor.elementor-drop-cap-view-stacked .elementor-drop-cap{background-color:#69727d;color:#fff}.elementor-widget-text-editor.elementor-drop-cap-view-framed .elementor-drop-cap{color:#69727d;border:3px solid;background-color:transparent}.elementor-widget-text-editor:not(.elementor-drop-cap-view-default) .elementor-drop-cap{margin-top:8px}.elementor-widget-text-editor:not(.elementor-drop-cap-view-default) .elementor-drop-cap-letter{width:1em;height:1em}.elementor-widget-text-editor .elementor-drop-cap{float:left;text-align:center;line-height:1;font-size:50px}.elementor-widget-text-editor .elementor-drop-cap-letter{display:inline-block}<\/style>\t\t\t\t<div class=\"flex flex-grow flex-col max-w-full\"><div class=\"min-h-[20px] text-message flex flex-col items-start gap-3 whitespace-pre-wrap break-words [.text-message+&amp;]:mt-5 overflow-x-auto\" data-message-author-role=\"assistant\" data-message-id=\"1aebbfbf-8cf0-4479-ae72-cd990e580f8d\"><div class=\"markdown prose w-full break-words dark:prose-invert dark\"><div class=\"elementor-widget-container\"><p>Cookies sind Textdateien, die von einem Webserver auf Ihren Computer heruntergeladen werden. Cookies enthalten keine Informationen, die Sie identifizieren k\u00f6nnten. Mit Hilfe von Cookies erkennt der Server, dass Sie auf die Website zur\u00fcckgekehrt sind, was zu unserem Vorteil genutzt werden kann, um die Website an den Benutzer anzupassen.<\/p><p>Die meisten Browser akzeptieren Cookies automatisch. Wenn Sie diese nicht akzeptieren m\u00f6chten oder benachrichtigt werden m\u00f6chten, bevor ein Cookie auf Ihrem Computer geladen wird, k\u00f6nnen Sie dies in Ihren Browsereinstellungen festlegen.<\/p><p>Werbe-Cookies \u00fcberwachen die Nutzung der Website des Anbieters durch den Einzelnen, es sei denn, der Einzelne stimmt der Verwendung von Cookies auf der Seite nicht zu.<\/p><p>Die Verwendung von Cookies in der Europ\u00e4ischen Union (EU) wird durch die Datenschutzrichtlinie f\u00fcr elektronische Kommunikation 2002\/58\/EG bestimmt, deren Artikel \u00fcber Cookies und \u00e4hnliche Technologien durch die Richtlinie 136\/2009 ge\u00e4ndert wurde.<\/p><p>In der slowenischen Gesetzgebung wird die Verwendung von Cookies durch das Gesetz \u00fcber elektronische Kommunikation oder ZEKom-1 (Amtsblatt Nr. 109\/2012) bestimmt, dessen Artikel 157 die Rechtsgrundlage f\u00fcr die Sorge um die Privatsph\u00e4re von Internetnutzern darstellt.<\/p><p>Die Website https:\/\/www.rentavan.si\/ verwendet f\u00fcr den Betrieb der Seite Cookies, die keine personenbezogenen Daten speichern, sondern die Aktivit\u00e4ten und Interessen der Besucher \u00fcberwachen, um ein besseres Benutzererlebnis zu bieten. Durch die Nutzung der Website stimmen die Besucher der Nutzung zu.<\/p><\/div><\/div><\/div><\/div>\t\t\t\t\t\t<\/div>\n\t\t\t\t<\/div>\n\t\t\t\t<div class=\"elementor-element elementor-element-aa99c5a elementor-widget__width-initial elementor-widget elementor-widget-text-editor\" data-id=\"aa99c5a\" data-element_type=\"widget\" data-widget_type=\"text-editor.default\">\n\t\t\t\t<div class=\"elementor-widget-container\">\n\t\t\t\t\t\t\t<div class=\"flex flex-grow flex-col max-w-full\"><div class=\"min-h-[20px] text-message flex flex-col items-start gap-3 whitespace-pre-wrap break-words [.text-message+&amp;]:mt-5 overflow-x-auto\" data-message-author-role=\"assistant\" data-message-id=\"1aebbfbf-8cf0-4479-ae72-cd990e580f8d\"><div class=\"markdown prose w-full break-words dark:prose-invert dark\"><div class=\"elementor-widget-container\"><div class=\"elementor-element elementor-element-9a37bc2 elementor-widget elementor-widget-text-editor\" data-id=\"9a37bc2\" data-element_type=\"widget\" data-widget_type=\"text-editor.default\"><div class=\"elementor-widget-container\"><div class=\"wpb_text_column wpb_content_element\"><div class=\"wpb_wrapper\"><p class=\"plain\"><strong>So verwalten Sie Cookies auf Ihrem PC\u00a0<\/strong><\/p><p>Um die Cookies unserer Website zu deaktivieren, f\u00fchren Sie bitte die folgenden Schritte aus.<\/p><\/div><\/div><\/div><\/div><div class=\"elementor-element elementor-element-72b9a36 elementor-widget elementor-widget-text-editor\" data-id=\"72b9a36\" data-element_type=\"widget\" data-widget_type=\"text-editor.default\"><div class=\"elementor-widget-container\"><div class=\"wpb_text_column wpb_content_element\"><div class=\"wpb_wrapper\"><ol><li><p><strong>Google Chrome:<\/strong><\/p><ul><li>\u00d6ffnen Sie den Google Chrome-Browser.<\/li><li>Klicken Sie auf die drei Punkte in der oberen rechten Ecke des Fensters (\u00fcber dem Browserfenster).<\/li><li>Einstellungen ausw\u00e4hlen&quot;.<\/li><li>Scrollen Sie nach unten und klicken Sie auf \u201eErweitert\u201c.<\/li><li>Klicken Sie im Abschnitt \u201eDatenschutz und Sicherheit\u201c auf \u201eInhaltseinstellungen\u201c.<\/li><li>W\u00e4hlen Sie \u201eCookies\u201c.<\/li><li>Stellen Sie den Schalter auf \u201eBlockieren\u201c, um Cookies zu deaktivieren.<br \/><br \/><\/li><\/ul><\/li><li><p><strong>Mozilla Firefox:<\/strong><\/p><ul><li>\u00d6ffnen Sie den Mozilla Firefox-Browser.<\/li><li>Klicken Sie auf die drei Linien in der oberen rechten Ecke des Fensters (\u00fcber dem Browserfenster).<\/li><li>Einstellungen ausw\u00e4hlen&quot;.<\/li><li>Navigieren Sie zum Abschnitt \u201eDatenschutz und Sicherheit\u201c.<\/li><li>W\u00e4hlen Sie im Abschnitt \u201eVerlauf\u201c die Option \u201eBenutzerdefinierte Einstellungen f\u00fcr den Verlauf verwenden\u201c.<\/li><li>Aktivieren Sie das Kontrollk\u00e4stchen \u201eCookies akzeptieren\u201c, w\u00e4hlen Sie \u201eImmer\u201c aus dem Dropdown-Men\u00fc und klicken Sie dann auf \u201eOK\u201c.<br \/><br \/><\/li><\/ul><\/li><li><p><strong>Microsoft Edge:<\/strong><\/p><ul><li>\u00d6ffnen Sie den Microsoft Edge-Browser.<\/li><li>Klicken Sie auf die drei Punkte in der oberen rechten Ecke des Fensters (\u00fcber dem Browserfenster).<\/li><li>Einstellungen ausw\u00e4hlen&quot;.<\/li><li>Scrollen Sie nach unten und klicken Sie auf \u201eAlle Einstellungen anzeigen\u201c.<\/li><li>W\u00e4hlen Sie \u201eDatenschutz und Dienste\u201c.<\/li><li>Stellen Sie unter \u201eCookies\u201c den Schalter auf \u201eDeaktivieren\u201c.<br \/><br \/><\/li><\/ul><\/li><li><p><strong>Apple-Safari:<\/strong><\/p><ul><li>\u00d6ffnen Sie den Safari-Browser.<\/li><li>Klicken Sie in der oberen Men\u00fcleiste auf \u201eSafari\u201c.<\/li><li>Einstellungen ausw\u00e4hlen&quot;.<\/li><li>Klicken Sie auf \u201eDatenschutz\u201c.<\/li><li>W\u00e4hlen Sie im Abschnitt \u201eCookies und Website-Daten\u201c die Option \u201eImmer blockieren\u201c.<\/li><\/ul><\/li><\/ol><p>Nach Abschluss dieser Schritte deaktivieren Sie Cookies im ausgew\u00e4hlten Browser auf Ihrem PC. Bitte beachten Sie, dass die Deaktivierung von Cookies Ihr Surferlebnis auf der Website beeintr\u00e4chtigen kann.<\/p><\/div><\/div><\/div><\/div><\/div><\/div><\/div><\/div>\t\t\t\t\t\t<\/div>\n\t\t\t\t<\/div>\n\t\t\t\t\t<\/div>\n\t\t<\/div>\n\t\t\t\t\t\t\t<\/div>\n\t\t<\/section>\n\t\t\t\t\t\t\t<\/div>","protected":false},"excerpt":{"rendered":"<p>Pi\u0161kotki so besedilne datoteke, ki jih na va\u0161 ra\u010dunalnik nalo\u017ei spletni stre\u017enik. Pi\u0161kotki ne vsebujejo nobenih podatkov s katerimi bi lahko ugotovili va\u0161o identiteto. S pomo\u010djo pi\u0161kotkov stre\u017enik ve, da ste se vrnili na spletno stran, kar lahko s pridom izkoristimo za prilagoditev spletnega mesta uporabniku. Ve\u010dina brskalnikov pi\u0161kotke samodejno sprejema. \u010ce jih ne \u017eelite sprejemati ali pa \u017eelite, da ste obve\u0161\u010deni preden se pi\u0161kotek nalo\u017ei na va\u0161 ra\u010dunalnik lahko to dolo\u010dite v nastavitvah brskalnika. Oglas\u030cevalski pis\u030ckotki spremljajo posameznikovo uporabo spletne strani ponudnika, razen c\u030ce se posameznik z uporabo pis\u030ckotkov na strani ne strinja. Uporabo pi\u0161kotkov v Evropski uniji (EU)\u2026<\/p>","protected":false},"author":1,"featured_media":0,"parent":0,"menu_order":0,"comment_status":"closed","ping_status":"closed","template":"","meta":{"_seopress_robots_primary_cat":"","footnotes":""},"class_list":["post-8605","page","type-page","status-publish","hentry"],"blocksy_meta":"","_links":{"self":[{"href":"https:\/\/www.rentavan.si\/de\/wp-json\/wp\/v2\/pages\/8605","targetHints":{"allow":["GET"]}}],"collection":[{"href":"https:\/\/www.rentavan.si\/de\/wp-json\/wp\/v2\/pages"}],"about":[{"href":"https:\/\/www.rentavan.si\/de\/wp-json\/wp\/v2\/types\/page"}],"author":[{"embeddable":true,"href":"https:\/\/www.rentavan.si\/de\/wp-json\/wp\/v2\/users\/1"}],"replies":[{"embeddable":true,"href":"https:\/\/www.rentavan.si\/de\/wp-json\/wp\/v2\/comments?post=8605"}],"version-history":[{"count":0,"href":"https:\/\/www.rentavan.si\/de\/wp-json\/wp\/v2\/pages\/8605\/revisions"}],"wp:attachment":[{"href":"https:\/\/www.rentavan.si\/de\/wp-json\/wp\/v2\/media?parent=8605"}],"curies":[{"name":"wp","href":"https:\/\/api.w.org\/{rel}","templated":true}]}}