{"id":8605,"date":"2024-03-19T09:54:27","date_gmt":"2024-03-19T09:54:27","guid":{"rendered":"https:\/\/www.rentavan.si\/politika-zaebnosti-copy\/"},"modified":"2024-04-03T08:36:10","modified_gmt":"2024-04-03T08:36:10","slug":"piskotki","status":"publish","type":"page","link":"https:\/\/www.rentavan.si\/en\/piskotki\/","title":{"rendered":"Cookies"},"content":{"rendered":"<div data-elementor-type=\"wp-page\" data-elementor-id=\"8605\" class=\"elementor elementor-8605\">\n\t\t\t\t\t\t\t\t\t<section class=\"elementor-section elementor-top-section elementor-element elementor-element-8724dc0 elementor-section-height-min-height ct-section-stretched elementor-section-boxed elementor-section-height-default elementor-section-items-middle\" data-id=\"8724dc0\" data-element_type=\"section\" data-settings=\"{&quot;jet_parallax_layout_list&quot;:[]}\">\n\t\t\t\t\t\t<div class=\"elementor-container elementor-column-gap-default\">\n\t\t\t\t\t<div class=\"elementor-column elementor-col-100 elementor-top-column elementor-element elementor-element-ebfe2b7\" data-id=\"ebfe2b7\" data-element_type=\"column\">\n\t\t\t<div class=\"elementor-widget-wrap elementor-element-populated\">\n\t\t\t\t\t\t\t\t<div class=\"elementor-element elementor-element-74eb7e3 elementor-widget elementor-widget-heading\" data-id=\"74eb7e3\" data-element_type=\"widget\" data-widget_type=\"heading.default\">\n\t\t\t\t<div class=\"elementor-widget-container\">\n\t\t\t<style>\/*! elementor - v3.12.1 - 02-04-2023 *\/\n.elementor-heading-title{padding:0;margin:0;line-height:1}.elementor-widget-heading .elementor-heading-title[class*=elementor-size-]>a{color:inherit;font-size:inherit;line-height:inherit}.elementor-widget-heading .elementor-heading-title.elementor-size-small{font-size:15px}.elementor-widget-heading .elementor-heading-title.elementor-size-medium{font-size:19px}.elementor-widget-heading .elementor-heading-title.elementor-size-large{font-size:29px}.elementor-widget-heading .elementor-heading-title.elementor-size-xl{font-size:39px}.elementor-widget-heading .elementor-heading-title.elementor-size-xxl{font-size:59px}<\/style><h2 class=\"elementor-heading-title elementor-size-default\">Cookies<\/h2>\t\t<\/div>\n\t\t\t\t<\/div>\n\t\t\t\t<div class=\"elementor-element elementor-element-3024ff5 elementor-widget-divider--view-line elementor-widget elementor-widget-divider\" data-id=\"3024ff5\" data-element_type=\"widget\" data-widget_type=\"divider.default\">\n\t\t\t\t<div class=\"elementor-widget-container\">\n\t\t\t<style>\/*! elementor - v3.12.1 - 02-04-2023 *\/\n.elementor-widget-divider{--divider-border-style:none;--divider-border-width:1px;--divider-color:#0c0d0e;--divider-icon-size:20px;--divider-element-spacing:10px;--divider-pattern-height:24px;--divider-pattern-size:20px;--divider-pattern-url:none;--divider-pattern-repeat:repeat-x}.elementor-widget-divider .elementor-divider{display:flex}.elementor-widget-divider .elementor-divider__text{font-size:15px;line-height:1;max-width:95%}.elementor-widget-divider .elementor-divider__element{margin:0 var(--divider-element-spacing);flex-shrink:0}.elementor-widget-divider .elementor-icon{font-size:var(--divider-icon-size)}.elementor-widget-divider .elementor-divider-separator{display:flex;margin:0;direction:ltr}.elementor-widget-divider--view-line_icon .elementor-divider-separator,.elementor-widget-divider--view-line_text .elementor-divider-separator{align-items:center}.elementor-widget-divider--view-line_icon .elementor-divider-separator:after,.elementor-widget-divider--view-line_icon .elementor-divider-separator:before,.elementor-widget-divider--view-line_text .elementor-divider-separator:after,.elementor-widget-divider--view-line_text .elementor-divider-separator:before{display:block;content:\"\";border-bottom:0;flex-grow:1;border-top:var(--divider-border-width) var(--divider-border-style) var(--divider-color)}.elementor-widget-divider--element-align-left .elementor-divider .elementor-divider-separator>.elementor-divider__svg:first-of-type{flex-grow:0;flex-shrink:100}.elementor-widget-divider--element-align-left .elementor-divider-separator:before{content:none}.elementor-widget-divider--element-align-left .elementor-divider__element{margin-left:0}.elementor-widget-divider--element-align-right .elementor-divider .elementor-divider-separator>.elementor-divider__svg:last-of-type{flex-grow:0;flex-shrink:100}.elementor-widget-divider--element-align-right .elementor-divider-separator:after{content:none}.elementor-widget-divider--element-align-right .elementor-divider__element{margin-right:0}.elementor-widget-divider:not(.elementor-widget-divider--view-line_text):not(.elementor-widget-divider--view-line_icon) .elementor-divider-separator{border-top:var(--divider-border-width) var(--divider-border-style) var(--divider-color)}.elementor-widget-divider--separator-type-pattern{--divider-border-style:none}.elementor-widget-divider--separator-type-pattern.elementor-widget-divider--view-line .elementor-divider-separator,.elementor-widget-divider--separator-type-pattern:not(.elementor-widget-divider--view-line) .elementor-divider-separator:after,.elementor-widget-divider--separator-type-pattern:not(.elementor-widget-divider--view-line) .elementor-divider-separator:before,.elementor-widget-divider--separator-type-pattern:not([class*=elementor-widget-divider--view]) .elementor-divider-separator{width:100%;min-height:var(--divider-pattern-height);-webkit-mask-size:var(--divider-pattern-size) 100%;mask-size:var(--divider-pattern-size) 100%;-webkit-mask-repeat:var(--divider-pattern-repeat);mask-repeat:var(--divider-pattern-repeat);background-color:var(--divider-color);-webkit-mask-image:var(--divider-pattern-url);mask-image:var(--divider-pattern-url)}.elementor-widget-divider--no-spacing{--divider-pattern-size:auto}.elementor-widget-divider--bg-round{--divider-pattern-repeat:round}.rtl .elementor-widget-divider .elementor-divider__text{direction:rtl}.e-con-inner>.elementor-widget-divider,.e-con>.elementor-widget-divider{width:var(--container-widget-width,100%);--flex-grow:var(--container-widget-flex-grow)}<\/style>\t\t<div class=\"elementor-divider\">\n\t\t\t<span class=\"elementor-divider-separator\">\n\t\t\t\t\t\t<\/span>\n\t\t<\/div>\n\t\t\t\t<\/div>\n\t\t\t\t<\/div>\n\t\t\t\t<div class=\"elementor-element elementor-element-3305a50 elementor-widget__width-initial elementor-widget elementor-widget-text-editor\" data-id=\"3305a50\" data-element_type=\"widget\" data-widget_type=\"text-editor.default\">\n\t\t\t\t<div class=\"elementor-widget-container\">\n\t\t\t<style>\/*! elementor - v3.12.1 - 02-04-2023 *\/\n.elementor-widget-text-editor.elementor-drop-cap-view-stacked .elementor-drop-cap{background-color:#69727d;color:#fff}.elementor-widget-text-editor.elementor-drop-cap-view-framed .elementor-drop-cap{color:#69727d;border:3px solid;background-color:transparent}.elementor-widget-text-editor:not(.elementor-drop-cap-view-default) .elementor-drop-cap{margin-top:8px}.elementor-widget-text-editor:not(.elementor-drop-cap-view-default) .elementor-drop-cap-letter{width:1em;height:1em}.elementor-widget-text-editor .elementor-drop-cap{float:left;text-align:center;line-height:1;font-size:50px}.elementor-widget-text-editor .elementor-drop-cap-letter{display:inline-block}<\/style>\t\t\t\t<div class=\"flex flex-grow flex-col max-w-full\"><div class=\"min-h-[20px] text-message flex flex-col items-start gap-3 whitespace-pre-wrap break-words [.text-message+&amp;]:mt-5 overflow-x-auto\" data-message-author-role=\"assistant\" data-message-id=\"1aebbfbf-8cf0-4479-ae72-cd990e580f8d\"><div class=\"markdown prose w-full break-words dark:prose-invert dark\"><div class=\"elementor-widget-container\"><p>Cookies are text files that are downloaded to your computer by a web server. Cookies do not contain any information that could identify you. With the help of cookies, the server knows that you have returned to the website, which can be used to our advantage to adapt the website to the user.<\/p><p>Most browsers accept cookies automatically. If you do not want to accept them or you want to be notified before a cookie is loaded on your computer, you can specify this in your browser settings.<\/p><p>Advertising cookies monitor the individual&#039;s use of the provider&#039;s website, unless the individual does not agree to the use of cookies on the page.<\/p><p>The use of cookies in the European Union (EU) is determined by the Privacy and Electronic Communications Directive 2002\/58\/EC, whose article relating to cookies and similar technologies was amended by Directive 136\/2009.<\/p><p>In Slovenian legislation, the use of cookies is determined by the Electronic Communications Act, or ZEKom-1 (Official Gazette No. 109\/2012), Article 157 of which constitutes the legal basis for concern for the privacy of Internet users.<\/p><p>The website https:\/\/www.rentavan.si\/ uses cookies that do not store personal data, but monitor visitor activities and interest in order to provide a better user experience. By using the website, visitors consent to their use.<\/p><\/div><\/div><\/div><\/div>\t\t\t\t\t\t<\/div>\n\t\t\t\t<\/div>\n\t\t\t\t<div class=\"elementor-element elementor-element-aa99c5a elementor-widget__width-initial elementor-widget elementor-widget-text-editor\" data-id=\"aa99c5a\" data-element_type=\"widget\" data-widget_type=\"text-editor.default\">\n\t\t\t\t<div class=\"elementor-widget-container\">\n\t\t\t\t\t\t\t<div class=\"flex flex-grow flex-col max-w-full\"><div class=\"min-h-[20px] text-message flex flex-col items-start gap-3 whitespace-pre-wrap break-words [.text-message+&amp;]:mt-5 overflow-x-auto\" data-message-author-role=\"assistant\" data-message-id=\"1aebbfbf-8cf0-4479-ae72-cd990e580f8d\"><div class=\"markdown prose w-full break-words dark:prose-invert dark\"><div class=\"elementor-widget-container\"><div class=\"elementor-element elementor-element-9a37bc2 elementor-widget elementor-widget-text-editor\" data-id=\"9a37bc2\" data-element_type=\"widget\" data-widget_type=\"text-editor.default\"><div class=\"elementor-widget-container\"><div class=\"wpb_text_column wpb_content_element\"><div class=\"wpb_wrapper\"><p class=\"plain\"><strong>How to manage cookies on your PC\u00a0<\/strong><\/p><p>To disable our website cookies, please follow the steps below.<\/p><\/div><\/div><\/div><\/div><div class=\"elementor-element elementor-element-72b9a36 elementor-widget elementor-widget-text-editor\" data-id=\"72b9a36\" data-element_type=\"widget\" data-widget_type=\"text-editor.default\"><div class=\"elementor-widget-container\"><div class=\"wpb_text_column wpb_content_element\"><div class=\"wpb_wrapper\"><ol><li><p><strong>Google Chrome:<\/strong><\/p><ul><li>Open the Google Chrome browser.<\/li><li>Click on the three dots in the upper right corner of the window (above the browsing window).<\/li><li>Select \u201cSettings\u201d.<\/li><li>Scroll down and click on \u201cAdvanced\u201d.<\/li><li>Under the \u201cPrivacy and Security\u201d section, click on \u201cContent Settings\u201d.<\/li><li>Select \u201cCookies\u201d.<\/li><li>Toggle the switch to \u201cBlock\u201d to disable cookies.<br \/><br \/><\/li><\/ul><\/li><li><p><strong>Mozilla Firefox:<\/strong><\/p><ul><li>Open the Mozilla Firefox browser.<\/li><li>Click on the three lines in the upper right corner of the window (above the browsing window).<\/li><li>Select \u201cSettings\u201d.<\/li><li>Navigate to the \u201cPrivacy &amp; Security\u201d section.<\/li><li>In the \u201cHistory\u201d section, select \u201cUse custom settings for history\u201d.<\/li><li>Check the box \u201cAccept cookies\u201d and select \u201cAlways\u201d from the drop-down menu, then click \u201cOK\u201d.<br \/><br \/><\/li><\/ul><\/li><li><p><strong>Microsoft Edge:<\/strong><\/p><ul><li>Open the Microsoft Edge browser.<\/li><li>Click on the three dots in the upper right corner of the window (above the browsing window).<\/li><li>Select \u201cSettings\u201d.<\/li><li>Scroll down and click on \u201cView all settings\u201d.<\/li><li>Select \u201cPrivacy and Services\u201d.<\/li><li>Under &quot;Cookies&quot;, toggle the switch to &quot;Disable&quot;.<br \/><br \/><\/li><\/ul><\/li><li><p><strong>Apple Safari:<\/strong><\/p><ul><li>Open the Safari browser.<\/li><li>Click on \u201cSafari\u201d in the top menu bar.<\/li><li>Select \u201cSettings\u201d.<\/li><li>Click on \u201cPrivacy\u201d.<\/li><li>In the &quot;Cookies and website data&quot; section, select &quot;Always block&quot;.<\/li><\/ul><\/li><\/ol><p>After completing these steps, you will disable cookies in the selected browser on your PC. Please note that disabling cookies may affect your browsing experience on the website.<\/p><\/div><\/div><\/div><\/div><\/div><\/div><\/div><\/div>\t\t\t\t\t\t<\/div>\n\t\t\t\t<\/div>\n\t\t\t\t\t<\/div>\n\t\t<\/div>\n\t\t\t\t\t\t\t<\/div>\n\t\t<\/section>\n\t\t\t\t\t\t\t<\/div>","protected":false},"excerpt":{"rendered":"<p>Pi\u0161kotki so besedilne datoteke, ki jih na va\u0161 ra\u010dunalnik nalo\u017ei spletni stre\u017enik. Pi\u0161kotki ne vsebujejo nobenih podatkov s katerimi bi lahko ugotovili va\u0161o identiteto. S pomo\u010djo pi\u0161kotkov stre\u017enik ve, da ste se vrnili na spletno stran, kar lahko s pridom izkoristimo za prilagoditev spletnega mesta uporabniku. Ve\u010dina brskalnikov pi\u0161kotke samodejno sprejema. \u010ce jih ne \u017eelite sprejemati ali pa \u017eelite, da ste obve\u0161\u010deni preden se pi\u0161kotek nalo\u017ei na va\u0161 ra\u010dunalnik lahko to dolo\u010dite v nastavitvah brskalnika. Oglas\u030cevalski pis\u030ckotki spremljajo posameznikovo uporabo spletne strani ponudnika, razen c\u030ce se posameznik z uporabo pis\u030ckotkov na strani ne strinja. Uporabo pi\u0161kotkov v Evropski uniji (EU)\u2026<\/p>","protected":false},"author":1,"featured_media":0,"parent":0,"menu_order":0,"comment_status":"closed","ping_status":"closed","template":"","meta":{"_seopress_robots_primary_cat":"","footnotes":""},"class_list":["post-8605","page","type-page","status-publish","hentry"],"blocksy_meta":"","_links":{"self":[{"href":"https:\/\/www.rentavan.si\/en\/wp-json\/wp\/v2\/pages\/8605","targetHints":{"allow":["GET"]}}],"collection":[{"href":"https:\/\/www.rentavan.si\/en\/wp-json\/wp\/v2\/pages"}],"about":[{"href":"https:\/\/www.rentavan.si\/en\/wp-json\/wp\/v2\/types\/page"}],"author":[{"embeddable":true,"href":"https:\/\/www.rentavan.si\/en\/wp-json\/wp\/v2\/users\/1"}],"replies":[{"embeddable":true,"href":"https:\/\/www.rentavan.si\/en\/wp-json\/wp\/v2\/comments?post=8605"}],"version-history":[{"count":0,"href":"https:\/\/www.rentavan.si\/en\/wp-json\/wp\/v2\/pages\/8605\/revisions"}],"wp:attachment":[{"href":"https:\/\/www.rentavan.si\/en\/wp-json\/wp\/v2\/media?parent=8605"}],"curies":[{"name":"wp","href":"https:\/\/api.w.org\/{rel}","templated":true}]}}