{"id":6991,"date":"2024-01-29T10:12:20","date_gmt":"2024-01-29T10:12:20","guid":{"rendered":"https:\/\/www.ivh44.si\/Ponudbe\/avtodomi\/domov-copy\/"},"modified":"2024-03-19T10:16:06","modified_gmt":"2024-03-19T10:16:06","slug":"o-nas","status":"publish","type":"page","link":"https:\/\/www.rentavan.si\/it\/o-nas\/","title":{"rendered":"Chi siamo"},"content":{"rendered":"<div data-elementor-type=\"wp-page\" data-elementor-id=\"6991\" class=\"elementor elementor-6991\">\n\t\t\t\t\t\t\t\t\t<section class=\"elementor-section elementor-top-section elementor-element elementor-element-2f518848 elementor-section-height-min-height ct-section-stretched elementor-section-boxed elementor-section-height-default elementor-section-items-middle\" data-id=\"2f518848\" data-element_type=\"section\" data-settings=\"{&quot;jet_parallax_layout_list&quot;:[]}\">\n\t\t\t\t\t\t<div class=\"elementor-container elementor-column-gap-default\">\n\t\t\t\t\t<div class=\"elementor-column elementor-col-100 elementor-top-column elementor-element elementor-element-2787d111\" data-id=\"2787d111\" data-element_type=\"column\">\n\t\t\t<div class=\"elementor-widget-wrap elementor-element-populated\">\n\t\t\t\t\t\t\t\t<div class=\"elementor-element elementor-element-d342122 elementor-widget elementor-widget-heading\" data-id=\"d342122\" data-element_type=\"widget\" data-widget_type=\"heading.default\">\n\t\t\t\t<div class=\"elementor-widget-container\">\n\t\t\t<style>\/*! elementor - v3.12.1 - 02-04-2023 *\/\n.elementor-heading-title{padding:0;margin:0;line-height:1}.elementor-widget-heading .elementor-heading-title[class*=elementor-size-]>a{color:inherit;font-size:inherit;line-height:inherit}.elementor-widget-heading .elementor-heading-title.elementor-size-small{font-size:15px}.elementor-widget-heading .elementor-heading-title.elementor-size-medium{font-size:19px}.elementor-widget-heading .elementor-heading-title.elementor-size-large{font-size:29px}.elementor-widget-heading .elementor-heading-title.elementor-size-xl{font-size:39px}.elementor-widget-heading .elementor-heading-title.elementor-size-xxl{font-size:59px}<\/style><h2 class=\"elementor-heading-title elementor-size-default\">Benvenuti sul sito RENTAVAN, dove faremo insieme un viaggio indimenticabile! <\/h2>\t\t<\/div>\n\t\t\t\t<\/div>\n\t\t\t\t<div class=\"elementor-element elementor-element-3f93f054 elementor-widget-divider--view-line elementor-widget elementor-widget-divider\" data-id=\"3f93f054\" data-element_type=\"widget\" data-widget_type=\"divider.default\">\n\t\t\t\t<div class=\"elementor-widget-container\">\n\t\t\t<style>\/*! elementor - v3.12.1 - 02-04-2023 *\/\n.elementor-widget-divider{--divider-border-style:none;--divider-border-width:1px;--divider-color:#0c0d0e;--divider-icon-size:20px;--divider-element-spacing:10px;--divider-pattern-height:24px;--divider-pattern-size:20px;--divider-pattern-url:none;--divider-pattern-repeat:repeat-x}.elementor-widget-divider .elementor-divider{display:flex}.elementor-widget-divider .elementor-divider__text{font-size:15px;line-height:1;max-width:95%}.elementor-widget-divider .elementor-divider__element{margin:0 var(--divider-element-spacing);flex-shrink:0}.elementor-widget-divider .elementor-icon{font-size:var(--divider-icon-size)}.elementor-widget-divider .elementor-divider-separator{display:flex;margin:0;direction:ltr}.elementor-widget-divider--view-line_icon .elementor-divider-separator,.elementor-widget-divider--view-line_text .elementor-divider-separator{align-items:center}.elementor-widget-divider--view-line_icon .elementor-divider-separator:after,.elementor-widget-divider--view-line_icon .elementor-divider-separator:before,.elementor-widget-divider--view-line_text .elementor-divider-separator:after,.elementor-widget-divider--view-line_text .elementor-divider-separator:before{display:block;content:\"\";border-bottom:0;flex-grow:1;border-top:var(--divider-border-width) var(--divider-border-style) var(--divider-color)}.elementor-widget-divider--element-align-left .elementor-divider .elementor-divider-separator>.elementor-divider__svg:first-of-type{flex-grow:0;flex-shrink:100}.elementor-widget-divider--element-align-left .elementor-divider-separator:before{content:none}.elementor-widget-divider--element-align-left .elementor-divider__element{margin-left:0}.elementor-widget-divider--element-align-right .elementor-divider .elementor-divider-separator>.elementor-divider__svg:last-of-type{flex-grow:0;flex-shrink:100}.elementor-widget-divider--element-align-right .elementor-divider-separator:after{content:none}.elementor-widget-divider--element-align-right .elementor-divider__element{margin-right:0}.elementor-widget-divider:not(.elementor-widget-divider--view-line_text):not(.elementor-widget-divider--view-line_icon) .elementor-divider-separator{border-top:var(--divider-border-width) var(--divider-border-style) var(--divider-color)}.elementor-widget-divider--separator-type-pattern{--divider-border-style:none}.elementor-widget-divider--separator-type-pattern.elementor-widget-divider--view-line .elementor-divider-separator,.elementor-widget-divider--separator-type-pattern:not(.elementor-widget-divider--view-line) .elementor-divider-separator:after,.elementor-widget-divider--separator-type-pattern:not(.elementor-widget-divider--view-line) .elementor-divider-separator:before,.elementor-widget-divider--separator-type-pattern:not([class*=elementor-widget-divider--view]) .elementor-divider-separator{width:100%;min-height:var(--divider-pattern-height);-webkit-mask-size:var(--divider-pattern-size) 100%;mask-size:var(--divider-pattern-size) 100%;-webkit-mask-repeat:var(--divider-pattern-repeat);mask-repeat:var(--divider-pattern-repeat);background-color:var(--divider-color);-webkit-mask-image:var(--divider-pattern-url);mask-image:var(--divider-pattern-url)}.elementor-widget-divider--no-spacing{--divider-pattern-size:auto}.elementor-widget-divider--bg-round{--divider-pattern-repeat:round}.rtl .elementor-widget-divider .elementor-divider__text{direction:rtl}.e-con-inner>.elementor-widget-divider,.e-con>.elementor-widget-divider{width:var(--container-widget-width,100%);--flex-grow:var(--container-widget-flex-grow)}<\/style>\t\t<div class=\"elementor-divider\">\n\t\t\t<span class=\"elementor-divider-separator\">\n\t\t\t\t\t\t<\/span>\n\t\t<\/div>\n\t\t\t\t<\/div>\n\t\t\t\t<\/div>\n\t\t\t\t<section class=\"elementor-section elementor-inner-section elementor-element elementor-element-18219506 elementor-section-boxed elementor-section-height-default elementor-section-height-default\" data-id=\"18219506\" data-element_type=\"section\" data-settings=\"{&quot;jet_parallax_layout_list&quot;:[]}\">\n\t\t\t\t\t\t<div class=\"elementor-container elementor-column-gap-no\">\n\t\t\t\t\t<div class=\"elementor-column elementor-col-50 elementor-inner-column elementor-element elementor-element-9f40dcf\" data-id=\"9f40dcf\" data-element_type=\"column\">\n\t\t\t<div class=\"elementor-widget-wrap elementor-element-populated\">\n\t\t\t\t\t\t\t\t<div class=\"elementor-element elementor-element-5eb06205 elementor-widget elementor-widget-text-editor\" data-id=\"5eb06205\" data-element_type=\"widget\" data-widget_type=\"text-editor.default\">\n\t\t\t\t<div class=\"elementor-widget-container\">\n\t\t\t<style>\/*! elementor - v3.12.1 - 02-04-2023 *\/\n.elementor-widget-text-editor.elementor-drop-cap-view-stacked .elementor-drop-cap{background-color:#69727d;color:#fff}.elementor-widget-text-editor.elementor-drop-cap-view-framed .elementor-drop-cap{color:#69727d;border:3px solid;background-color:transparent}.elementor-widget-text-editor:not(.elementor-drop-cap-view-default) .elementor-drop-cap{margin-top:8px}.elementor-widget-text-editor:not(.elementor-drop-cap-view-default) .elementor-drop-cap-letter{width:1em;height:1em}.elementor-widget-text-editor .elementor-drop-cap{float:left;text-align:center;line-height:1;font-size:50px}.elementor-widget-text-editor .elementor-drop-cap-letter{display:inline-block}<\/style>\t\t\t\t<div class=\"flex flex-grow flex-col max-w-full\"><div class=\"min-h-[20px] text-message flex flex-col items-start gap-3 whitespace-pre-wrap break-words [.text-message+&amp;]:mt-5 overflow-x-auto\" data-message-author-role=\"assistant\" data-message-id=\"1aebbfbf-8cf0-4479-ae72-cd990e580f8d\"><div class=\"markdown prose w-full break-words dark:prose-invert dark\"><div class=\"flex flex-grow flex-col max-w-full\"><div class=\"min-h-[20px] text-message flex flex-col items-start gap-3 whitespace-pre-wrap break-words [.text-message+&amp;]:mt-5 overflow-x-auto\" data-message-author-role=\"assistant\" data-message-id=\"1aebbfbf-8cf0-4479-ae72-cd990e580f8d\"><div class=\"markdown prose w-full break-words dark:prose-invert dark\"><p>Primi sulla Costa, oltre ai camper, noleggiamo anche diversi furgoni, siamo lieti di accogliervi nel mondo della libert\u00e0, dove la strada diventa la vostra meta personale.<strong>FURGONE<\/strong>tour. Crediamo che viaggiare sia molto pi\u00f9 che semplicemente spostarsi da un punto all&#039;altro: si tratta di un&#039;esperienza rilassata nel comfort della propria casa su ruote.<\/p><p>Noleggiare un furgone o un camper consente completa libert\u00e0 e flessibilit\u00e0 nell&#039;esplorare il mondo.<\/p><p>Tutti i nostri veicoli sono nuovi, mantenuti con cura<strong>FURGONE<\/strong>a, completamente attrezzati e puoi ritirarli pronti per partire. Che tu voglia fuggire in un idilliaco ambiente rurale, esplorare angoli nascosti della natura o vivere il trambusto della citt\u00e0, nella nostra flotta troverai un furgone o un camper che soddisfa i tuoi desideri e le tue esigenze.<\/p><p>La nostra passione \u00e8 assicurarci che tu abbia tutto il necessario per rilassarti e goderti ogni momento del tuo viaggio unico.<\/p><p>Al momento della consegna del veicolo, ci assicuriamo sempre di fornirti tutte le informazioni tecniche, i consigli e le raccomandazioni necessarie affinch\u00e9 tu possa intraprendere in sicurezza il viaggio verso una nuova destinazione.<strong>FURGONE<\/strong>Sono in tourn\u00e9e. Ti garantiamo flessibilit\u00e0 nel concordare l&#039;orario di ritiro e riconsegna del veicolo noleggiato.<\/p><p>Ti invitiamo a esplorare la nostra offerta, lasciarti ispirare e scegliere il tuo compagno su quattro ruote per la prossima a<strong>FURGONE<\/strong>tour. Siamo sicuri che al tuo ritorno sarai pieno di esperienze indimenticabili e arricchito di nuove esperienze.<\/p><\/div><\/div><\/div><\/div><\/div><\/div>\t\t\t\t\t\t<\/div>\n\t\t\t\t<\/div>\n\t\t\t\t\t<\/div>\n\t\t<\/div>\n\t\t\t\t<div class=\"elementor-column elementor-col-50 elementor-inner-column elementor-element elementor-element-3cee3fda\" data-id=\"3cee3fda\" data-element_type=\"column\">\n\t\t\t<div class=\"elementor-widget-wrap elementor-element-populated\">\n\t\t\t\t\t\t\t\t<div class=\"elementor-element elementor-element-5499cfd5 elementor-widget elementor-widget-image\" data-id=\"5499cfd5\" data-element_type=\"widget\" data-widget_type=\"image.default\">\n\t\t\t\t<div class=\"elementor-widget-container\">\n\t\t\t<style>\/*! elementor - v3.12.1 - 02-04-2023 *\/\n.elementor-widget-image{text-align:center}.elementor-widget-image a{display:inline-block}.elementor-widget-image a img[src$=\".svg\"]{width:48px}.elementor-widget-image img{vertical-align:middle;display:inline-block}<\/style>\t\t\t\t\t\t\t\t\t\t\t\t<img loading=\"lazy\" decoding=\"async\" width=\"1024\" height=\"683\" src=\"https:\/\/www.rentavan.si\/wp-content\/uploads\/2024\/03\/117A4144-1024x683.jpg\" class=\"attachment-large size-large wp-image-8449\" alt=\"RENTAVAN | najem vana ali avtodoma\" srcset=\"https:\/\/www.rentavan.si\/wp-content\/uploads\/2024\/03\/117A4144-1024x683.jpg 1024w, https:\/\/www.rentavan.si\/wp-content\/uploads\/2024\/03\/117A4144-300x200.jpg 300w, https:\/\/www.rentavan.si\/wp-content\/uploads\/2024\/03\/117A4144-150x100.jpg 150w, https:\/\/www.rentavan.si\/wp-content\/uploads\/2024\/03\/117A4144-768x513.jpg 768w, https:\/\/www.rentavan.si\/wp-content\/uploads\/2024\/03\/117A4144-18x12.jpg 18w, https:\/\/www.rentavan.si\/wp-content\/uploads\/2024\/03\/117A4144-600x400.jpg 600w, https:\/\/www.rentavan.si\/wp-content\/uploads\/2024\/03\/117A4144.jpg 1500w\" sizes=\"auto, (max-width: 1024px) 100vw, 1024px\" \/>\t\t\t\t\t\t\t\t\t\t\t\t\t\t\t<\/div>\n\t\t\t\t<\/div>\n\t\t\t\t\t<\/div>\n\t\t<\/div>\n\t\t\t\t\t\t\t<\/div>\n\t\t<\/section>\n\t\t\t\t<div class=\"elementor-element elementor-element-3d921986 elementor-align-center elementor-widget elementor-widget-button\" data-id=\"3d921986\" data-element_type=\"widget\" data-widget_type=\"button.default\">\n\t\t\t\t<div class=\"elementor-widget-container\">\n\t\t\t\t\t<div class=\"elementor-button-wrapper\">\n\t\t\t<a href=\"https:\/\/www.rentavan.si\/it\/vozila\/\" class=\"elementor-button-link elementor-button elementor-size-sm\" role=\"button\">\n\t\t\t\t\t\t<span class=\"elementor-button-content-wrapper\">\n\t\t\t\t\t\t<span class=\"elementor-button-text\">Scegli un veicolo per te<\/span>\n\t\t<\/span>\n\t\t\t\t\t<\/a>\n\t\t<\/div>\n\t\t\t\t<\/div>\n\t\t\t\t<\/div>\n\t\t\t\t\t<\/div>\n\t\t<\/div>\n\t\t\t\t\t\t\t<\/div>\n\t\t<\/section>\n\t\t\t\t<section class=\"elementor-section elementor-top-section elementor-element elementor-element-56452380 elementor-section-height-min-height ct-section-stretched elementor-section-boxed elementor-section-height-default elementor-section-items-middle\" data-id=\"56452380\" data-element_type=\"section\" data-settings=\"{&quot;jet_parallax_layout_list&quot;:[],&quot;background_background&quot;:&quot;classic&quot;}\">\n\t\t\t\t\t\t<div class=\"elementor-container elementor-column-gap-default\">\n\t\t\t\t\t<div class=\"elementor-column elementor-col-100 elementor-top-column elementor-element elementor-element-2340acc2\" data-id=\"2340acc2\" data-element_type=\"column\">\n\t\t\t<div class=\"elementor-widget-wrap elementor-element-populated\">\n\t\t\t\t\t\t\t\t<div class=\"elementor-element elementor-element-5f1e70d elementor-widget elementor-widget-heading\" data-id=\"5f1e70d\" data-element_type=\"widget\" data-widget_type=\"heading.default\">\n\t\t\t\t<div class=\"elementor-widget-container\">\n\t\t\t<h2 class=\"elementor-heading-title elementor-size-default\">Come funziona il noleggio della vasca da bagno?<\/h2>\t\t<\/div>\n\t\t\t\t<\/div>\n\t\t\t\t<div class=\"elementor-element elementor-element-41390d8f elementor-widget elementor-widget-text-editor\" data-id=\"41390d8f\" data-element_type=\"widget\" data-widget_type=\"text-editor.default\">\n\t\t\t\t<div class=\"elementor-widget-container\">\n\t\t\t\t\t\t\t<div class=\"flex flex-grow flex-col max-w-full\"><div class=\"min-h-[20px] text-message flex flex-col items-start gap-3 whitespace-pre-wrap break-words [.text-message+&amp;]:mt-5 overflow-x-auto\" data-message-author-role=\"assistant\" data-message-id=\"1aebbfbf-8cf0-4479-ae72-cd990e580f8d\"><div class=\"markdown prose w-full break-words dark:prose-invert dark\"><p>Scegli RENTAVAN per il tuo prossimo viaggio e vivi la spensieratezza di ogni momento in viaggio.<\/p><\/div><\/div><\/div>\t\t\t\t\t\t<\/div>\n\t\t\t\t<\/div>\n\t\t\t\t<div class=\"elementor-element elementor-element-14e9dba elementor-widget-divider--view-line elementor-widget elementor-widget-divider\" data-id=\"14e9dba\" data-element_type=\"widget\" data-widget_type=\"divider.default\">\n\t\t\t\t<div class=\"elementor-widget-container\">\n\t\t\t\t\t<div class=\"elementor-divider\">\n\t\t\t<span class=\"elementor-divider-separator\">\n\t\t\t\t\t\t<\/span>\n\t\t<\/div>\n\t\t\t\t<\/div>\n\t\t\t\t<\/div>\n\t\t\t\t<section class=\"elementor-section elementor-inner-section elementor-element elementor-element-6d857b75 elementor-section-full_width elementor-section-height-min-height elementor-section-content-middle elementor-section-height-default\" data-id=\"6d857b75\" data-element_type=\"section\" data-settings=\"{&quot;jet_parallax_layout_list&quot;:[]}\">\n\t\t\t\t\t\t<div class=\"elementor-container elementor-column-gap-default\">\n\t\t\t\t\t<div class=\"elementor-column elementor-col-50 elementor-inner-column elementor-element elementor-element-2e07df8e\" data-id=\"2e07df8e\" data-element_type=\"column\">\n\t\t\t<div class=\"elementor-widget-wrap elementor-element-populated\">\n\t\t\t\t\t\t\t\t<div class=\"elementor-element elementor-element-85419af elementor-widget elementor-widget-image\" data-id=\"85419af\" data-element_type=\"widget\" data-widget_type=\"image.default\">\n\t\t\t\t<div class=\"elementor-widget-container\">\n\t\t\t\t\t\t\t\t\t\t\t\t\t\t\t<img loading=\"lazy\" decoding=\"async\" width=\"1024\" height=\"683\" src=\"https:\/\/www.rentavan.si\/wp-content\/uploads\/2024\/03\/117A3377-1-1024x683.jpg\" class=\"attachment-large size-large wp-image-8590\" alt=\"RENTAVAN | najem vana ali avtodoma\" srcset=\"https:\/\/www.rentavan.si\/wp-content\/uploads\/2024\/03\/117A3377-1-1024x683.jpg 1024w, https:\/\/www.rentavan.si\/wp-content\/uploads\/2024\/03\/117A3377-1-300x200.jpg 300w, https:\/\/www.rentavan.si\/wp-content\/uploads\/2024\/03\/117A3377-1-150x100.jpg 150w, https:\/\/www.rentavan.si\/wp-content\/uploads\/2024\/03\/117A3377-1-768x512.jpg 768w, https:\/\/www.rentavan.si\/wp-content\/uploads\/2024\/03\/117A3377-1-1536x1025.jpg 1536w, https:\/\/www.rentavan.si\/wp-content\/uploads\/2024\/03\/117A3377-1-2048x1366.jpg 2048w, https:\/\/www.rentavan.si\/wp-content\/uploads\/2024\/03\/117A3377-1-18x12.jpg 18w, https:\/\/www.rentavan.si\/wp-content\/uploads\/2024\/03\/117A3377-1-600x400.jpg 600w\" sizes=\"auto, (max-width: 1024px) 100vw, 1024px\" \/>\t\t\t\t\t\t\t\t\t\t\t\t\t\t\t<\/div>\n\t\t\t\t<\/div>\n\t\t\t\t\t<\/div>\n\t\t<\/div>\n\t\t\t\t<div class=\"elementor-column elementor-col-50 elementor-inner-column elementor-element elementor-element-2da6d86d\" data-id=\"2da6d86d\" data-element_type=\"column\">\n\t\t\t<div class=\"elementor-widget-wrap elementor-element-populated\">\n\t\t\t\t\t\t\t\t<div class=\"elementor-element elementor-element-15c09be4 elementor-widget elementor-widget-jet-timeline\" data-id=\"15c09be4\" data-element_type=\"widget\" data-widget_type=\"jet-timeline.default\">\n\t\t\t\t<div class=\"elementor-widget-container\">\n\t\t\t<div class=\"elementor-jet-timeline jet-elements\"><div class=\"jet-timeline jet-timeline--align-left jet-timeline--align-middle\">\n\t<div class=\"jet-timeline__line\"><div class=\"jet-timeline__line-progress\"><\/div><\/div>\n\t<div class=\"jet-timeline-list\"><div class=\"jet-timeline-item  elementor-repeater-item-6926a05 jet-timeline-item--image-inside\">\n\t<div class=\"timeline-item__card\">\n\t\t<div class=\"timeline-item__card-inner\">\n\t\t\t\t\t\t\t\t<div class=\"timeline-item__card-content\">\n\t\t\t\t\t<div class=\"timeline-item__meta\"><\/div><div class=\"timeline-item__card-desc\">1. Scegli il tuo veicolo e le condizioni di noleggio. Invia una richiesta e prepareremo per te l&#039;offerta desiderata. Il camper \u00e8 riservato quando \u00e8 stata pagata la met\u00e0 dell&#039;importo del noleggio.<\/div>\t\t\t\t<\/div>\n\t\t\t\t\t\t<\/div>\n\t\t<div class=\"timeline-item__card-arrow\"><\/div>\n\t<\/div>\n\t<div class=\"timeline-item__point\"><div class=\"timeline-item__point-content timeline-item__point-content--icon\"><span class=\"jet-elements-icon\"><i aria-hidden=\"true\" class=\"fas fa-angle-double-right\"><\/i><\/span><\/div><\/div><div class=\"timeline-item__meta\"><\/div><\/div><div class=\"jet-timeline-item  elementor-repeater-item-36efbd8 jet-timeline-item--image-inside\">\n\t<div class=\"timeline-item__card\">\n\t\t<div class=\"timeline-item__card-inner\">\n\t\t\t\t\t\t\t\t<div class=\"timeline-item__card-content\">\n\t\t\t\t\t<div class=\"timeline-item__meta\"><\/div><div class=\"timeline-item__card-desc\">2. Al pi\u00f9 tardi 3 settimane prima della partenza versate sul nostro conto l&#039;altra met\u00e0 dell&#039;importo del noleggio del furgone\/camper.<\/div>\t\t\t\t<\/div>\n\t\t\t\t\t\t<\/div>\n\t\t<div class=\"timeline-item__card-arrow\"><\/div>\n\t<\/div>\n\t<div class=\"timeline-item__point\"><div class=\"timeline-item__point-content timeline-item__point-content--icon\"><span class=\"jet-elements-icon\"><i aria-hidden=\"true\" class=\"fas fa-angle-double-right\"><\/i><\/span><\/div><\/div><div class=\"timeline-item__meta\"><\/div><\/div><div class=\"jet-timeline-item  elementor-repeater-item-a55899a jet-timeline-item--image-inside\">\n\t<div class=\"timeline-item__card\">\n\t\t<div class=\"timeline-item__card-inner\">\n\t\t\t\t\t\t\t\t<div class=\"timeline-item__card-content\">\n\t\t\t\t\t<div class=\"timeline-item__meta\"><\/div><div class=\"timeline-item__card-desc\">3. Prima della presa in consegna \u00e8 necessario versare una cauzione (l&#039;importo della cauzione dipende dal tipo di veicolo).<\/div>\t\t\t\t<\/div>\n\t\t\t\t\t\t<\/div>\n\t\t<div class=\"timeline-item__card-arrow\"><\/div>\n\t<\/div>\n\t<div class=\"timeline-item__point\"><div class=\"timeline-item__point-content timeline-item__point-content--icon\"><span class=\"jet-elements-icon\"><i aria-hidden=\"true\" class=\"fas fa-angle-double-right\"><\/i><\/span><\/div><\/div><div class=\"timeline-item__meta\"><\/div><\/div><div class=\"jet-timeline-item  elementor-repeater-item-074e98b jet-timeline-item--image-inside\">\n\t<div class=\"timeline-item__card\">\n\t\t<div class=\"timeline-item__card-inner\">\n\t\t\t\t\t\t\t\t<div class=\"timeline-item__card-content\">\n\t\t\t\t\t<div class=\"timeline-item__meta\"><\/div><div class=\"timeline-item__card-desc\">4. Prima della partenza \u00e8 prevista la visita e la presentazione del camper e del suo funzionamento. Insieme stipuliamo il contratto di noleggio, consegniamo i documenti e controlliamo l&#039;attrezzatura del camper.<\/div>\t\t\t\t<\/div>\n\t\t\t\t\t\t<\/div>\n\t\t<div class=\"timeline-item__card-arrow\"><\/div>\n\t<\/div>\n\t<div class=\"timeline-item__point\"><div class=\"timeline-item__point-content timeline-item__point-content--icon\"><span class=\"jet-elements-icon\"><i aria-hidden=\"true\" class=\"fas fa-angle-double-right\"><\/i><\/span><\/div><\/div><div class=\"timeline-item__meta\"><\/div><\/div><div class=\"jet-timeline-item  elementor-repeater-item-c694c41 jet-timeline-item--image-inside\">\n\t<div class=\"timeline-item__card\">\n\t\t<div class=\"timeline-item__card-inner\">\n\t\t\t\t\t\t\t\t<div class=\"timeline-item__card-content\">\n\t\t\t\t\t<div class=\"timeline-item__meta\"><\/div><div class=\"timeline-item__card-desc\">5. Seguito dalla tua vacanza indimenticabile e dalla nuova a<b>FURGONE<\/b>tour.<\/div>\t\t\t\t<\/div>\n\t\t\t\t\t\t<\/div>\n\t\t<div class=\"timeline-item__card-arrow\"><\/div>\n\t<\/div>\n\t<div class=\"timeline-item__point\"><div class=\"timeline-item__point-content timeline-item__point-content--icon\"><span class=\"jet-elements-icon\"><i aria-hidden=\"true\" class=\"fas fa-angle-double-right\"><\/i><\/span><\/div><\/div><div class=\"timeline-item__meta\"><\/div><\/div><div class=\"jet-timeline-item  elementor-repeater-item-8c69b09 jet-timeline-item--image-inside\">\n\t<div class=\"timeline-item__card\">\n\t\t<div class=\"timeline-item__card-inner\">\n\t\t\t\t\t\t\t\t<div class=\"timeline-item__card-content\">\n\t\t\t\t\t<div class=\"timeline-item__meta\"><\/div><div class=\"timeline-item__card-desc\">6. Restituisci il camper il giorno concordato all&#039;orario concordato. Ispezioniamo insieme il veicolo e se tutto \u00e8 in ordine, riceverai il deposito cauzionale trasferito sul tuo conto entro 5 giorni lavorativi.<\/div>\t\t\t\t<\/div>\n\t\t\t\t\t\t<\/div>\n\t\t<div class=\"timeline-item__card-arrow\"><\/div>\n\t<\/div>\n\t<div class=\"timeline-item__point\"><div class=\"timeline-item__point-content timeline-item__point-content--icon\"><span class=\"jet-elements-icon\"><i aria-hidden=\"true\" class=\"fas fa-angle-double-right\"><\/i><\/span><\/div><\/div><div class=\"timeline-item__meta\"><\/div><\/div><\/div><\/div><\/div>\t\t<\/div>\n\t\t\t\t<\/div>\n\t\t\t\t\t<\/div>\n\t\t<\/div>\n\t\t\t\t\t\t\t<\/div>\n\t\t<\/section>\n\t\t\t\t\t<\/div>\n\t\t<\/div>\n\t\t\t\t\t\t\t<\/div>\n\t\t<\/section>\n\t\t\t\t\t\t\t<\/div>","protected":false},"excerpt":{"rendered":"<p>Dobrodo\u0161li na RENTAVAN spletni strani, kjer se skupaj odpravljamo na nepozabno potovanje! Kot prvi na Obali, ki poleg avtodomov, oddajamo v najem tudi razli\u010dne vane, vas z veseljem pozdravljamo v svetu svobode, kjer se cesta spremeni v va\u0161o osebno aVANturo. Pri nas verjamemo, da je potovanje ve\u010d kot le premikanje z ene to\u010dke na drugo \u2013 gre za spro\u0161\u010deno do\u017eivetje v udobju lastnega doma na kolesih. Najem vana ali avtodoma omogo\u010da popolno svobodo in prilagodljivost pri raziskovanju sveta. Vsa na\u0161a vozila so nova, skrbno vzdr\u017eeVANa, polno opremljena in prevzamete jih \u017ee pripravljena za na pot. Ne glede na to, ali\u2026<\/p>","protected":false},"author":1,"featured_media":0,"parent":0,"menu_order":0,"comment_status":"closed","ping_status":"closed","template":"","meta":{"_seopress_robots_primary_cat":"","footnotes":""},"class_list":["post-6991","page","type-page","status-publish","hentry"],"blocksy_meta":"","_links":{"self":[{"href":"https:\/\/www.rentavan.si\/it\/wp-json\/wp\/v2\/pages\/6991","targetHints":{"allow":["GET"]}}],"collection":[{"href":"https:\/\/www.rentavan.si\/it\/wp-json\/wp\/v2\/pages"}],"about":[{"href":"https:\/\/www.rentavan.si\/it\/wp-json\/wp\/v2\/types\/page"}],"author":[{"embeddable":true,"href":"https:\/\/www.rentavan.si\/it\/wp-json\/wp\/v2\/users\/1"}],"replies":[{"embeddable":true,"href":"https:\/\/www.rentavan.si\/it\/wp-json\/wp\/v2\/comments?post=6991"}],"version-history":[{"count":0,"href":"https:\/\/www.rentavan.si\/it\/wp-json\/wp\/v2\/pages\/6991\/revisions"}],"wp:attachment":[{"href":"https:\/\/www.rentavan.si\/it\/wp-json\/wp\/v2\/media?parent=6991"}],"curies":[{"name":"wp","href":"https:\/\/api.w.org\/{rel}","templated":true}]}}